{"id":1059,"date":"2022-02-21T09:30:06","date_gmt":"2022-02-21T09:30:06","guid":{"rendered":"https:\/\/serpilasamhairclinic.com\/rhinoplastie\/"},"modified":"2022-03-09T09:49:14","modified_gmt":"2022-03-09T09:49:14","slug":"rhinoplastie","status":"publish","type":"page","link":"https:\/\/serpilasamhairclinic.com\/fr\/rhinoplastie\/","title":{"rendered":"Rhinoplastie"},"content":{"rendered":"\t\t<div data-elementor-type=\"wp-page\" data-elementor-id=\"1059\" class=\"elementor elementor-1059\" data-elementor-post-type=\"page\">\n\t\t\t\t\t\t<section class=\"elementor-section elementor-top-section elementor-element elementor-element-2c1131e elementor-section-boxed elementor-section-height-default elementor-section-height-default\" data-id=\"2c1131e\" data-element_type=\"section\" data-e-type=\"section\" data-settings=\"{&quot;background_background&quot;:&quot;classic&quot;}\">\n\t\t\t\t\t\t<div class=\"elementor-container elementor-column-gap-default\">\n\t\t\t\t\t<div class=\"elementor-column elementor-col-100 elementor-top-column elementor-element elementor-element-b7c6070\" data-id=\"b7c6070\" data-element_type=\"column\" data-e-type=\"column\">\n\t\t\t<div class=\"elementor-widget-wrap elementor-element-populated\">\n\t\t\t\t\t\t<div class=\"elementor-element elementor-element-6d48f61 elementor-widget elementor-widget-heading\" data-id=\"6d48f61\" data-element_type=\"widget\" data-e-type=\"widget\" data-widget_type=\"heading.default\">\n\t\t\t\t<div class=\"elementor-widget-container\">\n\t\t\t\t\t<h1 class=\"elementor-heading-title elementor-size-default\">Rhinoplastie<\/h1>\t\t\t\t<\/div>\n\t\t\t\t<\/div>\n\t\t\t\t\t<\/div>\n\t\t<\/div>\n\t\t\t\t\t<\/div>\n\t\t<\/section>\n\t\t\t\t<section class=\"elementor-section elementor-top-section elementor-element elementor-element-af4e8b8 elementor-section-boxed elementor-section-height-default elementor-section-height-default\" data-id=\"af4e8b8\" data-element_type=\"section\" data-e-type=\"section\">\n\t\t\t\t\t\t<div class=\"elementor-container elementor-column-gap-default\">\n\t\t\t\t\t<div class=\"elementor-column elementor-col-50 elementor-top-column elementor-element elementor-element-cc94c6d\" data-id=\"cc94c6d\" data-element_type=\"column\" data-e-type=\"column\">\n\t\t\t<div class=\"elementor-widget-wrap elementor-element-populated\">\n\t\t\t\t\t\t<div class=\"elementor-element elementor-element-7ff20f8 elementor-widget elementor-widget-image\" data-id=\"7ff20f8\" data-element_type=\"widget\" data-e-type=\"widget\" data-widget_type=\"image.default\">\n\t\t\t\t<div class=\"elementor-widget-container\">\n\t\t\t\t\t\t\t\t\t\t\t\t\t\t\t<img fetchpriority=\"high\" decoding=\"async\" width=\"800\" height=\"480\" src=\"https:\/\/serpilasamhairclinic.com\/wp-content\/uploads\/2022\/02\/rhinoplasty-sa-2-1024x615.jpg\" class=\"attachment-large size-large wp-image-618\" alt=\"\" srcset=\"https:\/\/serpilasamhairclinic.com\/wp-content\/uploads\/2022\/02\/rhinoplasty-sa-2-1024x615.jpg 1024w, https:\/\/serpilasamhairclinic.com\/wp-content\/uploads\/2022\/02\/rhinoplasty-sa-2-300x180.jpg 300w, https:\/\/serpilasamhairclinic.com\/wp-content\/uploads\/2022\/02\/rhinoplasty-sa-2-768x461.jpg 768w, https:\/\/serpilasamhairclinic.com\/wp-content\/uploads\/2022\/02\/rhinoplasty-sa-2-1536x922.jpg 1536w, https:\/\/serpilasamhairclinic.com\/wp-content\/uploads\/2022\/02\/rhinoplasty-sa-2.jpg 1800w\" sizes=\"(max-width: 800px) 100vw, 800px\" title=\"\">\t\t\t\t\t\t\t\t\t\t\t\t\t\t\t<\/div>\n\t\t\t\t<\/div>\n\t\t\t\t\t<\/div>\n\t\t<\/div>\n\t\t\t\t<div class=\"elementor-column elementor-col-50 elementor-top-column elementor-element elementor-element-5a7d9ee\" data-id=\"5a7d9ee\" data-element_type=\"column\" data-e-type=\"column\">\n\t\t\t<div class=\"elementor-widget-wrap elementor-element-populated\">\n\t\t\t\t\t\t<div class=\"elementor-element elementor-element-ea7f270 elementor-widget elementor-widget-image\" data-id=\"ea7f270\" data-element_type=\"widget\" data-e-type=\"widget\" data-widget_type=\"image.default\">\n\t\t\t\t<div class=\"elementor-widget-container\">\n\t\t\t\t\t\t\t\t\t\t\t\t\t\t\t<img decoding=\"async\" width=\"800\" height=\"480\" src=\"https:\/\/serpilasamhairclinic.com\/wp-content\/uploads\/2022\/02\/rhinoplasty-sa-1-1024x615.jpg\" class=\"attachment-large size-large wp-image-612\" alt=\"\" srcset=\"https:\/\/serpilasamhairclinic.com\/wp-content\/uploads\/2022\/02\/rhinoplasty-sa-1-1024x615.jpg 1024w, https:\/\/serpilasamhairclinic.com\/wp-content\/uploads\/2022\/02\/rhinoplasty-sa-1-300x180.jpg 300w, https:\/\/serpilasamhairclinic.com\/wp-content\/uploads\/2022\/02\/rhinoplasty-sa-1-768x461.jpg 768w, https:\/\/serpilasamhairclinic.com\/wp-content\/uploads\/2022\/02\/rhinoplasty-sa-1-1536x922.jpg 1536w, https:\/\/serpilasamhairclinic.com\/wp-content\/uploads\/2022\/02\/rhinoplasty-sa-1.jpg 1800w\" sizes=\"(max-width: 800px) 100vw, 800px\" title=\"\">\t\t\t\t\t\t\t\t\t\t\t\t\t\t\t<\/div>\n\t\t\t\t<\/div>\n\t\t\t\t\t<\/div>\n\t\t<\/div>\n\t\t\t\t\t<\/div>\n\t\t<\/section>\n\t\t\t\t<section class=\"elementor-section elementor-top-section elementor-element elementor-element-632af8c elementor-section-boxed elementor-section-height-default elementor-section-height-default\" data-id=\"632af8c\" data-element_type=\"section\" data-e-type=\"section\" id=\"estetik\" data-settings=\"{&quot;background_background&quot;:&quot;classic&quot;}\">\n\t\t\t\t\t\t<div class=\"elementor-container elementor-column-gap-default\">\n\t\t\t\t\t<div class=\"elementor-column elementor-col-100 elementor-top-column elementor-element elementor-element-45c92d73\" data-id=\"45c92d73\" data-element_type=\"column\" data-e-type=\"column\">\n\t\t\t<div class=\"elementor-widget-wrap elementor-element-populated\">\n\t\t\t\t\t\t<div class=\"elementor-element elementor-element-74b40ae elementor-widget elementor-widget-text-editor\" data-id=\"74b40ae\" data-element_type=\"widget\" data-e-type=\"widget\" data-widget_type=\"text-editor.default\">\n\t\t\t\t<div class=\"elementor-widget-container\">\n\t\t\t\t\t\t\t\t\t<p>Les chirurgies de rhinoplastie peuvent \u00eatre pratiqu\u00e9es apr\u00e8s 18 ans chez les hommes et 17 ans chez les femmes. Ces chirurgies donnent non seulement au nez un aspect esth\u00e9tique, mais \u00e9liminent \u00e9galement certains probl\u00e8mes tels que les difficult\u00e9s respiratoires. L&rsquo;un des domaines les plus frappants lors de la communication sociale est le nez. L&rsquo;apparence du nez affecte l&rsquo;image de la personne. Pour la <strong>rhinoplastie<\/strong> , les gens pr\u00e9f\u00e8rent souvent le look naturel. Pour obtenir cette apparence, des proc\u00e9dures telles que le lifting du nez, le r\u00e2page du nez et la correction du nez arqu\u00e9 peuvent \u00eatre appliqu\u00e9es. Avant que ces chirurgies ne soient effectu\u00e9es, le nez peut \u00eatre vu en 3D, ce qui facilite la d\u00e9cision de la personne.<\/p><h2>Quelle est la dur\u00e9e d&rsquo;une op\u00e9ration de rhinoplastie ?<\/h2><p><br><strong>La chirurgie de rhinoplastie<\/strong> dure environ 1 \u00e0 2 heures. Si la chirurgie est secondaire ou plus compliqu\u00e9e, la dur\u00e9e peut \u00eatre plus longue. Pour que les patients soient \u00e0 l&rsquo;aise, une anesth\u00e9sie peut \u00eatre n\u00e9cessaire avant la chirurgie de <strong>rhinoplastie<\/strong> . Rarement, les chirurgies peuvent \u00eatre effectu\u00e9es avec s\u00e9dation. Pour que l&rsquo;op\u00e9ration soit effectu\u00e9e, la structure du nez doit \u00eatre d\u00e9velopp\u00e9e. Surtout les jeunes qui sont \u00e0 l&rsquo;adolescence peuvent \u00eatre affect\u00e9s psychologiquement n\u00e9gativement en raison de la structure de leur nez. En pr\u00e9sence d&rsquo;une telle situation, vous pouvez emmener votre enfant chez le m\u00e9decin et savoir s&rsquo;il est apte \u00e0 subir une intervention chirurgicale.<\/p><h2>Comment se d\u00e9roule le processus de r\u00e9cup\u00e9ration en chirurgie rhinoplastie?<\/h2><p><br><span style=\"text-decoration: underline;\">La r\u00e9cup\u00e9ration en chirurgie de rhinoplastie<\/span> n&rsquo;est pas imm\u00e9diate. Il faut au moins 1 semaine pour que les gens reprennent une vie normale. Il ne serait pas juste d&rsquo;entrer dans la vie sociale avant cette p\u00e9riode. Une fois la chirurgie termin\u00e9e, du pl\u00e2tre et des bandes sont plac\u00e9s sur le nez du patient. Le pl\u00e2tre et les bandes sont enlev\u00e9s apr\u00e8s une moyenne de 1 semaine. Apr\u00e8s l&rsquo;op\u00e9ration, le patient peut ressentir un gonflement et des ecchymoses. L&rsquo;enflure et les ecchymoses disparaissent dans les 10 jours. Il n&rsquo;est pas possible que le nez reprenne sa forme compl\u00e8te imm\u00e9diatement apr\u00e8s la rhinoplastie. Il faut attendre un moment pour que le nez prenne sa forme d\u00e9finitive. Une fois le pansement retir\u00e9 du nez, le nez esth\u00e9tique appara\u00eetra. Cependant, il n&rsquo;est pas possible que le nez prenne sa forme d\u00e9finitive avant 1 an. Puisqu&rsquo;il n&rsquo;y aura pas de gonflement ni d&rsquo;ecchymose dans le nez, la vie quotidienne des personnes ne sera pas affect\u00e9e avant m\u00eame que le nez ne prenne sa forme d\u00e9finitive.<\/p><h2>Est-il possible de r\u00e9parer les chirurgies de rhinoplastie rat\u00e9es&nbsp;?<\/h2><p><br>Il peut y <strong>avoir une chirurgie de rhinoplastie infructueuse<\/strong> . L&rsquo;objectif principal des chirurgies est d&rsquo;obtenir un r\u00e9sultat compatible avec le visage du patient, d&rsquo;apparence naturelle et remplissant sa fonction. Le succ\u00e8s de la chirurgie du nez d\u00e9pend de nombreux facteurs diff\u00e9rents, tels que l&rsquo;exp\u00e9rience du m\u00e9decin. Tous les chirurgiens n&rsquo;ont peut-\u00eatre pas suffisamment de connaissances et d&rsquo;exp\u00e9rience pour r\u00e9ussir une chirurgie du nez. Les personnes qui ont d\u00e9j\u00e0 subi une chirurgie du nez peuvent vouloir subir une nouvelle chirurgie du nez afin de corriger les r\u00e9sultats infructueux. Les patients deviennent plus anxieux lorsqu&rsquo;ils veulent une deuxi\u00e8me chirurgie du nez. Cependant, il est possible de corriger les chirurgies infructueuses.<\/p><h2>Les chirurgies de rhinoplastie sont-elles combin\u00e9es avec d&rsquo;autres op\u00e9rations&nbsp;?<\/h2><p><br>Il est possible d&rsquo;effectuer <span style=\"text-decoration: underline;\">une rhinoplastie combin\u00e9e<\/span> . D&rsquo;autres chirurgies qui peuvent \u00eatre combin\u00e9es peuvent \u00eatre \u00e9num\u00e9r\u00e9es comme suit&nbsp;:<\/p><p>r\u00e9duction mammaire,<br>augmentation mammaire,<br>\u00e9limination des graisses,<br>gyn\u00e9comastie etc.<br>Les chirurgies du front, des pommettes et du menton peuvent \u00e9galement \u00eatre r\u00e9alis\u00e9es avec succ\u00e8s en m\u00eame temps que les chirurgies du nez pour assurer le nombre d&rsquo;or.<\/p><h2>Qu&rsquo;est-ce que l&rsquo;esth\u00e9tique du bout du nez ?<\/h2><p><br>L&rsquo; <strong>esth\u00e9tique du bout du nez<\/strong> est l&rsquo;une des proc\u00e9dures les plus pratiqu\u00e9es. La forme de la pointe du nez d\u00e9termine l&rsquo;apparence de tout le nez. Certaines d\u00e9formations du bout du nez peuvent entra\u00eener une mauvaise apparence. Les d\u00e9formations courantes de la pointe nasale comprennent&nbsp;:<\/p><p>Lifting de la pointe du nez,<br>Le bout du nez est plus long qu&rsquo;il ne devrait l&rsquo;\u00eatre,<br>Bout de nez pointu,<br>Le bout du nez qui a l&rsquo;air comprim\u00e9,<br>Le bout du nez est bas,<br>Dans les cas o\u00f9 les narines ne sont pas sym\u00e9triques les unes par rapport aux autres, une esth\u00e9tique de la pointe nasale peut \u00eatre n\u00e9cessaire.<br>L&rsquo;esth\u00e9tique de la pointe nasale est connue comme une sous-branche de la rhinoplastie. Dans aucune de ces op\u00e9rations, la partie osseuse du nez n&rsquo;est touch\u00e9e. La proc\u00e9dure est effectu\u00e9e uniquement avec les tissus mous situ\u00e9s au bout du nez. C&rsquo;est la raison pour laquelle l&rsquo;esth\u00e9tique de la pointe nasale est plus facile que les chirurgies de rhinoplastie.<\/p><h2>Comment se d\u00e9roulent les chirurgies de rhinoplastie ?<\/h2><p><br>Une anesth\u00e9sie g\u00e9n\u00e9rale est g\u00e9n\u00e9ralement n\u00e9cessaire avant <span style=\"text-decoration: underline;\">la chirurgie de rhinoplastie<\/span> . Dans les cas o\u00f9 de petites touches seront effectu\u00e9es, une anesth\u00e9sie locale peut \u00e9galement \u00eatre n\u00e9cessaire sous le contr\u00f4le du chirurgien. Une moyenne de 1 jour est n\u00e9cessaire pour ces chirurgies. Il existe 2 techniques de rhinoplastie diff\u00e9rentes qui sont les plus pr\u00e9f\u00e9r\u00e9es. Dans la premi\u00e8re technique, une petite incision est pratiqu\u00e9e entre les narines et vise \u00e0 \u00e9largir le champ de vision du chirurgien \u00e0 travers cette incision. Si la personne a une d\u00e9formation avanc\u00e9e du nez ou s&rsquo;il s&rsquo;agit de la deuxi\u00e8me op\u00e9ration du patient, une chirurgie ouverte doit \u00eatre effectu\u00e9e. Si la technique de chirurgie ouverte est utilis\u00e9e, le processus de gu\u00e9rison sera prolong\u00e9. De plus, l&rsquo;\u0153d\u00e8me, les ecchymoses et les probl\u00e8mes similaires apr\u00e8s l&rsquo;op\u00e9ration seront plus visibles.<\/p><h2>Que faut-il consid\u00e9rer apr\u00e8s une rhinoplastie ?<\/h2><p><br><strong>Choses \u00e0 consid\u00e9rer apr\u00e8s la rhinoplastie<\/strong> , vous pouvez passer l&rsquo;op\u00e9ration sans douleur et confortablement. La douleur est fr\u00e9quente apr\u00e8s la chirurgie. Pour cette raison, il est n\u00e9cessaire d&rsquo;appliquer des analg\u00e9siques au patient avant que l&rsquo;effet de l&rsquo;anesth\u00e9sie g\u00e9n\u00e9rale ne passe. Le m\u00e9decin vous donnera des m\u00e9dicaments \u00e0 utiliser apr\u00e8s la chirurgie. Il est important d&rsquo;utiliser ces m\u00e9dicaments sans interruption. Il est d\u00e9conseill\u00e9 de se lever entre les 4 premi\u00e8res heures et les 6 premi\u00e8res heures apr\u00e8s l&rsquo;op\u00e9ration. Lorsque vous vous levez pour la premi\u00e8re fois, vous pouvez rencontrer des probl\u00e8mes tels que des pertes de conscience et des \u00e9tourdissements. C&rsquo;est pourquoi vous avez besoin de l&rsquo;aide d&rsquo;un proche. Apr\u00e8s l&rsquo;op\u00e9ration, du sang peut couler du nez. C&rsquo;est tout \u00e0 fait normal. Bien que les patients n&rsquo;en soient pas conscients, ils peuvent \u00eatre d\u00e9rang\u00e9s par la plainte de naus\u00e9es due \u00e0 cette situation. Dans les 6 premi\u00e8res heures apr\u00e8s la chirurgie, si le patient n&rsquo;a pas de probl\u00e8me de naus\u00e9es, de l&rsquo;eau peut \u00eatre bue et une petite quantit\u00e9 d&rsquo;aliments sal\u00e9s peut \u00eatre consomm\u00e9e.<\/p><p>Une alimentation liquide est recommand\u00e9e dans les premiers jours apr\u00e8s la chirurgie. Les patients peuvent ressentir un gonflement et des ecchymoses, en particulier sous les yeux, autour du nez et sur certaines parties de leur visage. Au fil des jours, ces plaintes disparaissent. Il est important de garder les oreillers hauts afin de r\u00e9duire les plaintes. De plus, l&rsquo;eau ne doit pas \u00eatre aspir\u00e9e dans le nez dans les 15 premiers jours apr\u00e8s l&rsquo;op\u00e9ration. Il est normal que le nez reste bouch\u00e9 apr\u00e8s la chirurgie. Il n&rsquo;est pas recommand\u00e9 d&rsquo;utiliser des lunettes pendant les 6 premiers mois apr\u00e8s la chirurgie.<\/p><h2>Les chirurgies de rhinoplastie emp\u00eachent-elles de respirer&nbsp;?<\/h2><p><br><span style=\"text-decoration: underline;\">La respiration n&rsquo;est certainement pas emp\u00each\u00e9e dans la chirurgie de rhinoplastie<\/span> . Le but de ces chirurgies est de faire respirer la personne plus facilement. Lors de l&rsquo;obtention d&rsquo;un nez esth\u00e9tique, il est tr\u00e8s important que le nez soit fonctionnel en m\u00eame temps. Pour que le nez soit vu purement esth\u00e9tique, les fonctions du nez ne doivent pas \u00eatre sacrifi\u00e9es. Le tissu muqueux recouvrant l&rsquo;int\u00e9rieur du nez peut gonfler et grossir pour des raisons telles que les allergies et le tabagisme. Ces conditions peuvent amener le patient \u00e0 ressentir une congestion nasale. Dans un tel cas, les patients doivent \u00eatre examin\u00e9s. S&rsquo;il y a des raisons obstructives, ces raisons doivent \u00eatre \u00e9limin\u00e9es pendant la chirurgie. Sinon, le passage de l&rsquo;air peut se r\u00e9tr\u00e9cir de 10 \u00e0 20 %.<\/p><h2>Que dois-je faire apr\u00e8s une rhinoplastie ?<\/h2><p><br><strong>Les choses \u00e0 faire apr\u00e8s la rhinoplastie<\/strong> peuvent \u00eatre \u00e9num\u00e9r\u00e9es comme suit :<\/p><p>Ne vous faites pas mal au nez en vous brossant les dents,<br>Repos au lit pendant une semaine apr\u00e8s la chirurgie,<br>Vous pouvez vous laver le visage sans mouiller vos pansements,<br>Ne pas laver les cheveux pendant 1 semaine,<br>Ne faites pas de longs appels t\u00e9l\u00e9phoniques,<br>Vous pouvez appliquer de la glace et des gels froids autour des yeux et des joues apr\u00e8s une chirurgie de rhinoplastie,<br>Ne consommez pas d&rsquo;aliments tr\u00e8s chauds,<br>Dormez avec 2 ou 4 oreillers, pas un seul.<br>Assurez-vous de ne pas tourner la t\u00eate \u00e0 plus de 45 degr\u00e9s,<br>Ne pas faire de sport 2 semaines apr\u00e8s l&rsquo;op\u00e9ration,<br>Ne pas avoir de rapport sexuel<br>Ne m\u00e2chez pas d&rsquo;aliments tr\u00e8s durs,<\/p>\t\t\t\t\t\t\t\t<\/div>\n\t\t\t\t<\/div>\n\t\t\t\t\t<\/div>\n\t\t<\/div>\n\t\t\t\t\t<\/div>\n\t\t<\/section>\n\t\t\t\t<\/div>\n\t\t","protected":false},"excerpt":{"rendered":"<p>Rhinoplastie Les chirurgies de rhinoplastie peuvent \u00eatre pratiqu\u00e9es apr\u00e8s 18 ans chez les hommes et 17 ans chez les femmes. Ces chirurgies donnent non seulement au nez un aspect esth\u00e9tique, mais \u00e9liminent \u00e9galement certains probl\u00e8mes tels que les difficult\u00e9s respiratoires. L&rsquo;un des domaines les plus frappants lors de la communication sociale est le nez. L&rsquo;apparence [&hellip;]<\/p>\n","protected":false},"author":1,"featured_media":0,"parent":0,"menu_order":0,"comment_status":"closed","ping_status":"closed","template":"","meta":{"footnotes":""},"class_list":["post-1059","page","type-page","status-publish","hentry"],"_links":{"self":[{"href":"https:\/\/serpilasamhairclinic.com\/fr\/wp-json\/wp\/v2\/pages\/1059","targetHints":{"allow":["GET"]}}],"collection":[{"href":"https:\/\/serpilasamhairclinic.com\/fr\/wp-json\/wp\/v2\/pages"}],"about":[{"href":"https:\/\/serpilasamhairclinic.com\/fr\/wp-json\/wp\/v2\/types\/page"}],"author":[{"embeddable":true,"href":"https:\/\/serpilasamhairclinic.com\/fr\/wp-json\/wp\/v2\/users\/1"}],"replies":[{"embeddable":true,"href":"https:\/\/serpilasamhairclinic.com\/fr\/wp-json\/wp\/v2\/comments?post=1059"}],"version-history":[{"count":0,"href":"https:\/\/serpilasamhairclinic.com\/fr\/wp-json\/wp\/v2\/pages\/1059\/revisions"}],"wp:attachment":[{"href":"https:\/\/serpilasamhairclinic.com\/fr\/wp-json\/wp\/v2\/media?parent=1059"}],"curies":[{"name":"wp","href":"https:\/\/api.w.org\/{rel}","templated":true}]}}