{"id":1956,"date":"2022-06-19T10:29:53","date_gmt":"2022-06-19T10:29:53","guid":{"rendered":"https:\/\/serpilasamhairclinic.com\/cirugia-de-orejas-otoplastia\/"},"modified":"2023-01-24T11:17:29","modified_gmt":"2023-01-24T11:17:29","slug":"cirugia-de-orejas-otoplastia","status":"publish","type":"page","link":"https:\/\/serpilasamhairclinic.com\/es\/cirugia-de-orejas-otoplastia\/","title":{"rendered":"Cirug\u00eda de orejas Otoplastia"},"content":{"rendered":"\t\t<div data-elementor-type=\"wp-page\" data-elementor-id=\"1956\" class=\"elementor elementor-1956 elementor-1717\" data-elementor-post-type=\"page\">\n\t\t\t\t\t\t<section class=\"elementor-section elementor-top-section elementor-element elementor-element-2c1131e elementor-section-boxed elementor-section-height-default elementor-section-height-default\" data-id=\"2c1131e\" data-element_type=\"section\" data-e-type=\"section\" data-settings=\"{&quot;background_background&quot;:&quot;classic&quot;}\">\n\t\t\t\t\t\t<div class=\"elementor-container elementor-column-gap-default\">\n\t\t\t\t\t<div class=\"elementor-column elementor-col-100 elementor-top-column elementor-element elementor-element-b7c6070\" data-id=\"b7c6070\" data-element_type=\"column\" data-e-type=\"column\">\n\t\t\t<div class=\"elementor-widget-wrap elementor-element-populated\">\n\t\t\t\t\t\t<div class=\"elementor-element elementor-element-6d48f61 elementor-widget elementor-widget-heading\" data-id=\"6d48f61\" data-element_type=\"widget\" data-e-type=\"widget\" data-widget_type=\"heading.default\">\n\t\t\t\t<div class=\"elementor-widget-container\">\n\t\t\t\t\t<h1 class=\"elementor-heading-title elementor-size-default\">Cirug\u00eda de orejas Otoplastia<\/h1>\t\t\t\t<\/div>\n\t\t\t\t<\/div>\n\t\t\t\t\t<\/div>\n\t\t<\/div>\n\t\t\t\t\t<\/div>\n\t\t<\/section>\n\t\t\t\t<section class=\"elementor-section elementor-top-section elementor-element elementor-element-af4e8b8 elementor-section-boxed elementor-section-height-default elementor-section-height-default\" data-id=\"af4e8b8\" data-element_type=\"section\" data-e-type=\"section\">\n\t\t\t\t\t\t<div class=\"elementor-container elementor-column-gap-default\">\n\t\t\t\t\t<div class=\"elementor-column elementor-col-100 elementor-top-column elementor-element elementor-element-cc94c6d\" data-id=\"cc94c6d\" data-element_type=\"column\" data-e-type=\"column\">\n\t\t\t<div class=\"elementor-widget-wrap elementor-element-populated\">\n\t\t\t\t\t\t<div class=\"elementor-element elementor-element-7ff20f8 elementor-widget elementor-widget-image\" data-id=\"7ff20f8\" data-element_type=\"widget\" data-e-type=\"widget\" data-widget_type=\"image.default\">\n\t\t\t\t<div class=\"elementor-widget-container\">\n\t\t\t\t\t\t\t\t\t\t\t\t\t\t\t<img fetchpriority=\"high\" decoding=\"async\" width=\"512\" height=\"512\" src=\"https:\/\/serpilasamhairclinic.com\/wp-content\/uploads\/2022\/02\/cropped-serpil-asam-hair-clinic.png\" class=\"attachment-large size-large wp-image-572\" alt=\"\" srcset=\"https:\/\/serpilasamhairclinic.com\/wp-content\/uploads\/2022\/02\/cropped-serpil-asam-hair-clinic.png 512w, https:\/\/serpilasamhairclinic.com\/wp-content\/uploads\/2022\/02\/cropped-serpil-asam-hair-clinic-300x300.png 300w, https:\/\/serpilasamhairclinic.com\/wp-content\/uploads\/2022\/02\/cropped-serpil-asam-hair-clinic-150x150.png 150w, https:\/\/serpilasamhairclinic.com\/wp-content\/uploads\/2022\/02\/cropped-serpil-asam-hair-clinic-270x270.png 270w, https:\/\/serpilasamhairclinic.com\/wp-content\/uploads\/2022\/02\/cropped-serpil-asam-hair-clinic-192x192.png 192w, https:\/\/serpilasamhairclinic.com\/wp-content\/uploads\/2022\/02\/cropped-serpil-asam-hair-clinic-180x180.png 180w, https:\/\/serpilasamhairclinic.com\/wp-content\/uploads\/2022\/02\/cropped-serpil-asam-hair-clinic-32x32.png 32w\" sizes=\"(max-width: 512px) 100vw, 512px\" title=\"\">\t\t\t\t\t\t\t\t\t\t\t\t\t\t\t<\/div>\n\t\t\t\t<\/div>\n\t\t\t\t\t<\/div>\n\t\t<\/div>\n\t\t\t\t\t<\/div>\n\t\t<\/section>\n\t\t\t\t<section class=\"elementor-section elementor-top-section elementor-element elementor-element-632af8c elementor-section-boxed elementor-section-height-default elementor-section-height-default\" data-id=\"632af8c\" data-element_type=\"section\" data-e-type=\"section\" id=\"estetik\" data-settings=\"{&quot;background_background&quot;:&quot;classic&quot;}\">\n\t\t\t\t\t\t<div class=\"elementor-container elementor-column-gap-default\">\n\t\t\t\t\t<div class=\"elementor-column elementor-col-100 elementor-top-column elementor-element elementor-element-45c92d73\" data-id=\"45c92d73\" data-element_type=\"column\" data-e-type=\"column\">\n\t\t\t<div class=\"elementor-widget-wrap elementor-element-populated\">\n\t\t\t\t\t\t<div class=\"elementor-element elementor-element-74b40ae elementor-widget elementor-widget-text-editor\" data-id=\"74b40ae\" data-element_type=\"widget\" data-e-type=\"widget\" data-widget_type=\"text-editor.default\">\n\t\t\t\t<div class=\"elementor-widget-container\">\n\t\t\t\t\t\t\t\t\t<p>La estructura externa de los o\u00eddos, cuya funci\u00f3n principal es el sentido del o\u00eddo, es visible. Por esta raz\u00f3n, debido a algunas deformaciones o deformidades cong\u00e9nitas en las orejas, las personas se ven perturbadas. Las deformidades de las orejas, que causan problemas psicol\u00f3gicos a una edad temprana, especialmente en los ni\u00f1os, pueden causar problemas de autoestima en edades posteriores. Por ello, es posible tener una soluci\u00f3n permanente al deterioro de la estructura de la oreja, que ha completado su desarrollo a partir de los 6 a\u00f1os, con la operaci\u00f3n est\u00e9tica de orejas. Si no quiere que la psicolog\u00eda de sus hijos se deteriore o si quiere aumentar su baja autoestima, puede optar por la cirug\u00eda est\u00e9tica de orejas.<\/p>\n<h2><strong>Operaci\u00f3n de est\u00e9tica de orejas<\/strong><\/h2>\n<p>Las orejas completan su desarrollo despu\u00e9s de los 6 a\u00f1os de edad. Los problemas cong\u00e9nitos o accidentales en los o\u00eddos se experimentan en las personas. Esto puede causar problemas de autoestima en muchas personas. La operaci\u00f3n de est\u00e9tica de las orejas se puede solucionar si las orejas faltan total o parcialmente al nacer, el cart\u00edlago alrededor de la oreja sobresale, la oreja parece arrugada, las puntas de las orejas son excesivamente puntiagudas, las orejas est\u00e1n inclinadas hacia delante o el pabell\u00f3n auricular se ha perdido como consecuencia de un accidente. En algunos casos, el problema en un o\u00eddo puede aparecer en ambos. El problema m\u00e1s com\u00fan es el aspecto de las orejas prominentes. Como la gente no est\u00e1 contenta en t\u00e9rminos de est\u00e9tica, puede tener una soluci\u00f3n permanente con la cirug\u00eda est\u00e9tica de orejas, que es muy f\u00e1cil.<\/p>\n<h2><strong>\u00bfC\u00f3mo se realiza la cirug\u00eda de orejas prominentes?<\/strong><\/h2>\n<p>Si el paciente de la cirug\u00eda de orejas prominentes es un adulto, el procedimiento se inicia mediante la administraci\u00f3n de anestesia local despu\u00e9s de la droga sedante. Si el paciente es de corta edad, el procedimiento se inicia aplicando anestesia general. Se determinan los lugares a coser detr\u00e1s de la oreja. Se realiza una incisi\u00f3n en la piel de la parte posterior de la oreja y se lima el tejido cartilaginoso a trav\u00e9s de estos cortes para dar a la oreja el aspecto curvo deseado. El \u00e1ngulo entre la oreja y la cabeza se estrecha con puntos de sutura entre la superficie de la oreja y la membrana del hueso del cr\u00e1neo y se da la forma prevista a la oreja con puntos de sutura. En algunos casos, el l\u00f3bulo de la oreja tambi\u00e9n puede necesitar ser tratado para mantener la proporci\u00f3n. En este caso, el tejido se extrae de detr\u00e1s del l\u00f3bulo de la oreja. En la \u00faltima etapa, el proceso se completa con suturas est\u00e9ticas.<\/p>\n<h2><strong>Cosas a tener en cuenta despu\u00e9s de la cirug\u00eda<\/strong><\/h2>\n<p>Cosas que hay que tener en cuenta despu\u00e9s de una operaci\u00f3n de orejas;<\/p>\n<ul>\n<li>Un d\u00eda despu\u00e9s de la operaci\u00f3n, hay que hacer un vendaje.<\/li>\n<li>Despu\u00e9s de la primera inspecci\u00f3n, se coloca una banda de pelo que no est\u00e9 demasiado apretada pero que mantenga las orejas estables. Debe llevar esta banda durante el tiempo que le recomiende su m\u00e9dico.<\/li>\n<li>Durante al menos un mes se debe llevar una cinta de pelo por la noche para evitar que se tuerza y para proteger la oreja, especialmente por la noche.<\/li>\n<li>Despu\u00e9s de la cirug\u00eda, se debe aplicar hielo para reducir la hinchaz\u00f3n.<\/li>\n<li>Los f\u00e1rmacos administrados deben ser utilizados en su totalidad.<\/li>\n<li>Puede haber adormecimiento en el tejido de la piel de la oreja durante unas semanas, esto es normal.<\/li>\n<li>No aplique tratamientos de calor, como el secado del cabello, hasta que su m\u00e9dico lo apruebe.<\/li>\n<li>El problema de la hemorragia que se observa despu\u00e9s de cada procedimiento quir\u00fargico tambi\u00e9n se experimenta en las cirug\u00edas de o\u00eddo. Puede haber acumulaci\u00f3n de sangre dentro y detr\u00e1s de la oreja, y si esto ocurre, debe consultar a su m\u00e9dico.<\/li>\n<li>Si no se toca la zona con la mano despu\u00e9s de la operaci\u00f3n, puede producirse una infecci\u00f3n.<\/li>\n<li>En algunos casos, los puntos colocados en la oreja pueden provocar la formaci\u00f3n de acn\u00e9. En tal situaci\u00f3n, notifique a su m\u00e9dico y, si es necesario, se retirar\u00e1n los puntos con un proceso de limpieza.<\/li>\n<\/ul>\n<h2><strong>\u00bfExiste un l\u00edmite de edad para la cirug\u00eda de orejas prominentes?<\/strong><\/h2>\n<p>El desarrollo del o\u00eddo se completa en gran medida despu\u00e9s de los 6 a\u00f1os. Por esta raz\u00f3n, si hay un gran problema de salud, la cirug\u00eda de orejas puede realizarse despu\u00e9s de los 6 a\u00f1os. Realizar este tipo de cirug\u00edas a una edad temprana acorta el periodo de recuperaci\u00f3n y evita los traumas psicol\u00f3gicos que el ni\u00f1o experimentar\u00e1 en el futuro. La cirug\u00eda de orejas se realiza con anestesia general en ni\u00f1os y j\u00f3venes, mientras que en adultos se realiza con anestesia local.<\/p>\n<h2><strong>\u00bfCu\u00e1nto tiempo dura la cirug\u00eda de orejas prominentes?<\/strong><\/h2>\n<p>La cirug\u00eda de orejas suele durar 1,5 horas si no se produce ninguna situaci\u00f3n adicional.<\/p>\n<p><strong>\u00bfQuedar\u00e1n cicatrices despu\u00e9s de la cirug\u00eda de orejas prominentes?<\/strong><\/p>\n<p>Las operaciones de orejas prominentes son un procedimiento que se realiza con incisiones en la parte posterior de la oreja. Por lo tanto, no hay ning\u00fan rastro visible. Detr\u00e1s de la oreja, hay una cicatriz muy poco evidente.<\/p>\n<h2><strong>\u00bfPreviene la cirug\u00eda la audici\u00f3n?<\/strong><\/h2>\n<p>Las cirug\u00edas est\u00e9ticas del o\u00eddo son operaciones realizadas para cambiar la estructura del o\u00eddo externo, de modo que no interfieran con la audici\u00f3n.<\/p>\n<h2><strong>\u00bfHabr\u00e1 dolor despu\u00e9s de una <\/strong><strong>Otoplastia?<\/strong><\/h2>\n<p>Dado que la cirug\u00eda de orejas prominentes es un procedimiento quir\u00fargico, es normal tener dolor en los primeros d\u00edas. Durante este tiempo, puede utilizar los analg\u00e9sicos que le indique su m\u00e9dico. Sin embargo, estos dolores no son insoportables.<\/p>\n<h2><strong>\u00bfSer\u00e1 obvio que se realiz\u00f3 una cirug\u00eda de orejas prominentes despu\u00e9s de la operaci\u00f3n?<\/strong><\/h2>\n<p>En la primera intervenci\u00f3n quir\u00fargica se producen hinchazones y hematomas debido al procedimiento quir\u00fargico. Estas hinchazones empiezan a bajar despu\u00e9s de 1 semana y los puntos se vierten, m\u00e1ximo 1 mes despu\u00e9s, no se nota que est\u00e1 operado.<\/p>\n<h2><strong>\u00bfCu\u00e1ndo se quitan los puntos?<\/strong><\/h2>\n<p>Las suturas autodisolubles se utilizan generalmente en las cirug\u00edas de orejas prominentes. Una semana despu\u00e9s de la operaci\u00f3n, las suturas comienzan a disolverse y desaparecen por completo en 2-3 semanas.<\/p>\n<h2><strong>\u00bfCu\u00e1ndo hay que ba\u00f1arse despu\u00e9s de una operaci\u00f3n?<\/strong><\/h2>\n<p>Despu\u00e9s de la operaci\u00f3n de orejas, el agua no debe tocar la zona cosida durante un tiempo. Puede tomar un ba\u00f1o corto una semana despu\u00e9s de la operaci\u00f3n. Despu\u00e9s de 15 d\u00edas, puede ba\u00f1arse como desee.<\/p>\n<h2><strong>\u00bfCu\u00e1nto tiempo dura la diadema?<\/strong><\/h2>\n<p>Despu\u00e9s de la cirug\u00eda de orejas prominentes, se recomienda llevar una cinta para el pelo, especialmente por la noche, para evitar que las orejas se doblen y para protegerlas. Aunque este periodo var\u00eda de una persona a otra, se recomienda una media de 1 mes.<\/p>\n\t\t\t\t\t\t\t\t<\/div>\n\t\t\t\t<\/div>\n\t\t\t\t\t<\/div>\n\t\t<\/div>\n\t\t\t\t\t<\/div>\n\t\t<\/section>\n\t\t\t\t<\/div>\n\t\t","protected":false},"excerpt":{"rendered":"<p>Cirug\u00eda de orejas Otoplastia La estructura externa de los o\u00eddos, cuya funci\u00f3n principal es el sentido del o\u00eddo, es visible. Por esta raz\u00f3n, debido a algunas deformaciones o deformidades cong\u00e9nitas en las orejas, las personas se ven perturbadas. Las deformidades de las orejas, que causan problemas psicol\u00f3gicos a una edad temprana, especialmente en los ni\u00f1os, [&hellip;]<\/p>\n","protected":false},"author":1,"featured_media":0,"parent":0,"menu_order":0,"comment_status":"closed","ping_status":"closed","template":"","meta":{"footnotes":""},"class_list":["post-1956","page","type-page","status-publish","hentry"],"_links":{"self":[{"href":"https:\/\/serpilasamhairclinic.com\/es\/wp-json\/wp\/v2\/pages\/1956","targetHints":{"allow":["GET"]}}],"collection":[{"href":"https:\/\/serpilasamhairclinic.com\/es\/wp-json\/wp\/v2\/pages"}],"about":[{"href":"https:\/\/serpilasamhairclinic.com\/es\/wp-json\/wp\/v2\/types\/page"}],"author":[{"embeddable":true,"href":"https:\/\/serpilasamhairclinic.com\/es\/wp-json\/wp\/v2\/users\/1"}],"replies":[{"embeddable":true,"href":"https:\/\/serpilasamhairclinic.com\/es\/wp-json\/wp\/v2\/comments?post=1956"}],"version-history":[{"count":0,"href":"https:\/\/serpilasamhairclinic.com\/es\/wp-json\/wp\/v2\/pages\/1956\/revisions"}],"wp:attachment":[{"href":"https:\/\/serpilasamhairclinic.com\/es\/wp-json\/wp\/v2\/media?parent=1956"}],"curies":[{"name":"wp","href":"https:\/\/api.w.org\/{rel}","templated":true}]}}