{"id":1915,"date":"2022-06-16T06:45:57","date_gmt":"2022-06-16T06:45:57","guid":{"rendered":"https:\/\/serpilasamhairclinic.com\/cirugia-de-parpados\/"},"modified":"2023-01-24T11:16:35","modified_gmt":"2023-01-24T11:16:35","slug":"cirugia-de-parpados","status":"publish","type":"page","link":"https:\/\/serpilasamhairclinic.com\/es\/cirugia-de-parpados\/","title":{"rendered":"Cirug\u00eda de p\u00e1rpados"},"content":{"rendered":"\t\t<div data-elementor-type=\"wp-page\" data-elementor-id=\"1915\" class=\"elementor elementor-1915 elementor-1702\" data-elementor-post-type=\"page\">\n\t\t\t\t\t\t<section class=\"elementor-section elementor-top-section elementor-element elementor-element-2c1131e elementor-section-boxed elementor-section-height-default elementor-section-height-default\" data-id=\"2c1131e\" data-element_type=\"section\" data-e-type=\"section\" data-settings=\"{&quot;background_background&quot;:&quot;classic&quot;}\">\n\t\t\t\t\t\t<div class=\"elementor-container elementor-column-gap-default\">\n\t\t\t\t\t<div class=\"elementor-column elementor-col-100 elementor-top-column elementor-element elementor-element-b7c6070\" data-id=\"b7c6070\" data-element_type=\"column\" data-e-type=\"column\">\n\t\t\t<div class=\"elementor-widget-wrap elementor-element-populated\">\n\t\t\t\t\t\t<div class=\"elementor-element elementor-element-6d48f61 elementor-widget elementor-widget-heading\" data-id=\"6d48f61\" data-element_type=\"widget\" data-e-type=\"widget\" data-widget_type=\"heading.default\">\n\t\t\t\t<div class=\"elementor-widget-container\">\n\t\t\t\t\t<h1 class=\"elementor-heading-title elementor-size-default\">Cirug\u00eda de p\u00e1rpados<\/h1>\t\t\t\t<\/div>\n\t\t\t\t<\/div>\n\t\t\t\t\t<\/div>\n\t\t<\/div>\n\t\t\t\t\t<\/div>\n\t\t<\/section>\n\t\t\t\t<section class=\"elementor-section elementor-top-section elementor-element elementor-element-af4e8b8 elementor-section-boxed elementor-section-height-default elementor-section-height-default\" data-id=\"af4e8b8\" data-element_type=\"section\" data-e-type=\"section\">\n\t\t\t\t\t\t<div class=\"elementor-container elementor-column-gap-default\">\n\t\t\t\t\t<div class=\"elementor-column elementor-col-100 elementor-top-column elementor-element elementor-element-cc94c6d\" data-id=\"cc94c6d\" data-element_type=\"column\" data-e-type=\"column\">\n\t\t\t<div class=\"elementor-widget-wrap elementor-element-populated\">\n\t\t\t\t\t\t<div class=\"elementor-element elementor-element-7ff20f8 elementor-widget elementor-widget-image\" data-id=\"7ff20f8\" data-element_type=\"widget\" data-e-type=\"widget\" data-widget_type=\"image.default\">\n\t\t\t\t<div class=\"elementor-widget-container\">\n\t\t\t\t\t\t\t\t\t\t\t\t\t\t\t<img fetchpriority=\"high\" decoding=\"async\" width=\"800\" height=\"534\" src=\"https:\/\/serpilasamhairclinic.com\/wp-content\/uploads\/2022\/06\/eyelid-surgery-1024x683.jpg\" class=\"attachment-large size-large wp-image-1710\" alt=\"\" srcset=\"https:\/\/serpilasamhairclinic.com\/wp-content\/uploads\/2022\/06\/eyelid-surgery-1024x683.jpg 1024w, https:\/\/serpilasamhairclinic.com\/wp-content\/uploads\/2022\/06\/eyelid-surgery-300x200.jpg 300w, https:\/\/serpilasamhairclinic.com\/wp-content\/uploads\/2022\/06\/eyelid-surgery-768x512.jpg 768w, https:\/\/serpilasamhairclinic.com\/wp-content\/uploads\/2022\/06\/eyelid-surgery-1536x1024.jpg 1536w, https:\/\/serpilasamhairclinic.com\/wp-content\/uploads\/2022\/06\/eyelid-surgery-2048x1365.jpg 2048w\" sizes=\"(max-width: 800px) 100vw, 800px\" title=\"\">\t\t\t\t\t\t\t\t\t\t\t\t\t\t\t<\/div>\n\t\t\t\t<\/div>\n\t\t\t\t\t<\/div>\n\t\t<\/div>\n\t\t\t\t\t<\/div>\n\t\t<\/section>\n\t\t\t\t<section class=\"elementor-section elementor-top-section elementor-element elementor-element-632af8c elementor-section-boxed elementor-section-height-default elementor-section-height-default\" data-id=\"632af8c\" data-element_type=\"section\" data-e-type=\"section\" id=\"estetik\" data-settings=\"{&quot;background_background&quot;:&quot;classic&quot;}\">\n\t\t\t\t\t\t<div class=\"elementor-container elementor-column-gap-default\">\n\t\t\t\t\t<div class=\"elementor-column elementor-col-100 elementor-top-column elementor-element elementor-element-45c92d73\" data-id=\"45c92d73\" data-element_type=\"column\" data-e-type=\"column\">\n\t\t\t<div class=\"elementor-widget-wrap elementor-element-populated\">\n\t\t\t\t\t\t<div class=\"elementor-element elementor-element-74b40ae elementor-widget elementor-widget-text-editor\" data-id=\"74b40ae\" data-element_type=\"widget\" data-e-type=\"widget\" data-widget_type=\"text-editor.default\">\n\t\t\t\t<div class=\"elementor-widget-container\">\n\t\t\t\t\t\t\t\t\t<h2><strong>Qu\u00e9 es la est\u00e9tica de p\u00e1rpados<\/strong><\/h2>\n<p>Los ojos son una de las zonas m\u00e1s llamativas del rostro humano. La gente suele establecer contacto visual cuando se comunica. En estos casos, la est\u00e9tica de la mirada y del contorno de los ojos se convierte en un factor impresionante. Teniendo en cuenta las preocupaciones est\u00e9ticas, las personas con p\u00e1rpados ca\u00eddos no quieren establecer contacto visual, lo que provoca una falta de confianza en s\u00ed mismos. Especialmente las mujeres tienen dificultades para maquillarse. En t\u00e9rminos de salud, los p\u00e1rpados ca\u00eddos impiden la visi\u00f3n. Experimentar una situaci\u00f3n as\u00ed es causa de infelicidad tanto para las mujeres como para los hombres. Sin embargo, usted no tiene que experimentar esta situaci\u00f3n, gracias a las innovaciones m\u00e9dicas y tecnol\u00f3gicas en desarrollo, puede deshacerse permanentemente de estas negatividades para su salud y apariencia est\u00e9tica, gracias a la est\u00e9tica de p\u00e1rpados. Si quieres que tu felicidad se refleje en tus ojos, puedes someterte a una est\u00e9tica de p\u00e1rpados para deshacerte del problema de p\u00e1rpados que te hace infeliz.<\/p>\n<h2><strong>\u00bfC\u00f3mo se realiza la cirug\u00eda de p\u00e1rpados?<\/strong><\/h2>\n<p>Despu\u00e9s de realizar los controles necesarios antes de la cirug\u00eda de p\u00e1rpados, los pacientes aptos para la cirug\u00eda son llevados a la zona requerida para el procedimiento. La cirug\u00eda de p\u00e1rpados suele realizarse con anestesia local y, en algunos casos, con anestesia general. El procedimiento dura entre 30 minutos y 1 hora. En la cirug\u00eda de detenci\u00f3n, se elimina el exceso de grasa del ojo y se reduce la tasa de complicaciones de retirada. En la cirug\u00eda de p\u00e1rpados, se elimina el exceso de tejido cut\u00e1neo con peque\u00f1as incisiones y se colocan puntos de sutura est\u00e9ticos. Se recomienda la aplicaci\u00f3n de hielo para reducir la hinchaz\u00f3n y los hematomas despu\u00e9s de la operaci\u00f3n.<\/p>\n<h2><strong>Detalles sobre la cirug\u00eda de p\u00e1rpados<\/strong><\/h2>\n<p>La zona del rostro, especialmente los ojos, es muy importante tanto para las mujeres como para los hombres en t\u00e9rminos de est\u00e9tica. En algunos casos, se experimenta un deterioro visual en la zona del ojo debido a accidentes, mientras que algunas personas tienen una ca\u00edda cong\u00e9nita de los p\u00e1rpados. Con el efecto del envejecimiento, se produce una ca\u00edda de los p\u00e1rpados debido al debilitamiento de los m\u00fasculos oculares. En este caso, la forma de eliminar los problemas est\u00e9ticos y de salud es la operaci\u00f3n est\u00e9tica de p\u00e1rpados. Desde el punto de vista de la salud, es posible solucionar el p\u00e1rpado ca\u00eddo a un nivel que impida la visi\u00f3n en el tiempo con esta sencilla operaci\u00f3n. Especialmente las mujeres est\u00e1n descontentas por la zona de pliegues baja o peque\u00f1a a la hora de maquillarse, y esta situaci\u00f3n encuentra una soluci\u00f3n gracias a una operaci\u00f3n est\u00e9tica de p\u00e1rpados muy sencilla.<\/p>\n<ul>\n<li>\n<h3><strong>\u00bfQu\u00e9 es el p\u00e1rpado ca\u00eddo?<\/strong><\/h3>\n<\/li>\n<\/ul>\n<p>Algunas personas tienen una apariencia de debilidad y sue\u00f1o debido a los p\u00e1rpados ca\u00eddos, llamados ptosis. Esta condici\u00f3n se llama p\u00e1rpado ca\u00eddo. La ca\u00edda de los p\u00e1rpados se produce por el deterioro de la capa muscular. Si el p\u00e1rpado cubre la parte coloreada del ojo entre 1 y 1,5 mm, est\u00e1 sano.<\/p>\n<ul>\n<li>\n<h3><strong>\u00bfCu\u00e1les son las causas de los p\u00e1rpados ca\u00eddos?<\/strong><\/h3>\n<\/li>\n<\/ul>\n<p>Hay varias causas de los p\u00e1rpados ca\u00eddos. En los adultos, el deterioro del tejido muscular del ojo, el uso de lentillas durante muchos a\u00f1os, los factores gen\u00e9ticos, el deterioro accidental de la estructura del ojo o del p\u00e1rpado, las enfermedades del sistema neuromuscular y, en algunos casos, la diabetes provocan p\u00e1rpados ca\u00eddos.<\/p>\n<ul>\n<li>\n<h3><strong>\u00bfEs dif\u00edcil la cirug\u00eda de p\u00e1rpados?<\/strong><\/h3>\n<\/li>\n<\/ul>\n<p>La est\u00e9tica de los p\u00e1rpados no es una operaci\u00f3n dif\u00edcil. Es normal sentir un ligero dolor despu\u00e9s de la cirug\u00eda. Estos dolores desaparecen en 2-3 d\u00edas.<\/p>\n<h2><strong>\u00bfHabr\u00e1 moretones despu\u00e9s de la cirug\u00eda de p\u00e1rpados?<\/strong><\/h2>\n<p>Uno de los efectos secundarios m\u00e1s comunes despu\u00e9s de la cirug\u00eda de p\u00e1rpados son los hematomas alrededor de los ojos. Aunque se trate de una peque\u00f1a intervenci\u00f3n, la est\u00e9tica de p\u00e1rpados es una operaci\u00f3n quir\u00fargica, por lo que es muy normal que aparezcan hematomas e hinchaz\u00f3n. Los hematomas que se producen comienzan a curar lentamente en la primera semana despu\u00e9s de la operaci\u00f3n.<\/p>\n<h2><strong>\u00bfCu\u00e1nto tiempo dura la cirug\u00eda de p\u00e1rpados?<\/strong><\/h2>\n<p>La cirug\u00eda de p\u00e1rpados dura una media de 30 minutos a 1 hora.<\/p>\n<h2><strong>\u00bfCu\u00e1ndo es la vuelta al trabajo despu\u00e9s de la cirug\u00eda de p\u00e1rpados?<\/strong><\/h2>\n<p>Despu\u00e9s de la cirug\u00eda de p\u00e1rpados, podr\u00e1 volver a su vida laboral en una media de 7 a 10 d\u00edas. Su m\u00e9dico determina la fecha exacta de este periodo.<\/p>\n<h2><strong>\u00bfExiste alg\u00fan riesgo en la cirug\u00eda est\u00e9tica de p\u00e1rpados?<\/strong><\/h2>\n<p>Toda operaci\u00f3n quir\u00fargica entra\u00f1a alg\u00fan riesgo. Como las cirug\u00edas est\u00e9ticas son procedimientos m\u00e1s programados y planificados, hay menos factores de riesgo. En la cirug\u00eda de p\u00e1rpados, aunque el factor de riesgo es muy bajo, existen riesgos como da\u00f1ar la zona del ojo o no conseguir el aspecto est\u00e9tico deseado.<\/p>\n<h2><strong>\u00bfCu\u00e1ntos d\u00edas debo descansar despu\u00e9s de la operaci\u00f3n?<\/strong><\/h2>\n<p>Ser\u00e1 beneficioso que descanse durante un cierto periodo de tiempo y se mantenga alejado de los factores ambientales despu\u00e9s de la cirug\u00eda de p\u00e1rpados. Los que llevan una vida empresarial activa pueden seguir descansando si obtienen un informe de su m\u00e9dico.<\/p>\n<h2><strong>\u00bfCu\u00e1ndo acudir al control m\u00e9dico despu\u00e9s de la operaci\u00f3n?<\/strong><\/h2>\n<p>Se realiza un programa de control postoperatorio. En general, el primer control se realiza una semana despu\u00e9s de la operaci\u00f3n.<\/p>\n<h2><strong>\u00bfCu\u00e1l es el l\u00edmite de edad para la cirug\u00eda de p\u00e1rpados?<\/strong><\/h2>\n<p>Si el p\u00e1rpado ca\u00eddo impide la visi\u00f3n, se realiza a partir de los 18 a\u00f1os. El l\u00edmite m\u00e1ximo de edad para la operaci\u00f3n es de 70 a\u00f1os. Para quienes experimentan p\u00e1rpados ca\u00eddos debido al envejecimiento, la edad recomendada es a partir de los 30 a\u00f1os.<\/p>\n<h2><strong>\u00bfEl resultado de la cirug\u00eda difiere de una persona a otra?<\/strong><\/h2>\n<p>Todas las operaciones quir\u00fargicas suelen variar de una persona a otra. Especialmente en las operaciones est\u00e9ticas, el resultado o el procedimiento aplicado var\u00eda seg\u00fan la magnitud del problema en la estructura de la piel de la persona. El porcentaje de \u00e9xito de los resultados var\u00eda seg\u00fan el problema del paciente.<\/p>\n<ul>\n<li>\n<h3><strong>\u00bfLa cirug\u00eda est\u00e9tica de p\u00e1rpados es permanente?<\/strong><\/h3>\n<\/li>\n<\/ul>\n<p>En particular, la ca\u00edda de los p\u00e1rpados es un signo de envejecimiento. Ninguna operaci\u00f3n est\u00e1 garantizada para siempre. En este caso, la cirug\u00eda de p\u00e1rpados tambi\u00e9n puede experimentar cierto deterioro con el paso del tiempo, aunque no del todo. Existe la posibilidad de experimentar estas deformidades en una media de cinco a diez a\u00f1os.<\/p>\n<ul>\n<li>\n<h3><strong>\u00bfCu\u00e1ndo se utilizan las lentillas despu\u00e9s de la cirug\u00eda?<\/strong><\/h3>\n<\/li>\n<\/ul>\n<p>Si su m\u00e9dico lo aprueba despu\u00e9s de la cirug\u00eda de p\u00e1rpados, puede utilizar las lentillas una semana despu\u00e9s. Durante este periodo, se pueden utilizar gafas con la aprobaci\u00f3n del m\u00e9dico.<\/p>\n<ul>\n<li>\n<h3><strong>\u00bfEl p\u00e1rpado ca\u00eddo reaparece?<\/strong><\/h3>\n<\/li>\n<\/ul>\n<p>Cuando la cirug\u00eda de p\u00e1rpados es realizada por un especialista, ofrece resultados permanentes. Sin embargo, las deformidades se consideran un proceso natural en edades avanzadas.<\/p>\n<ul>\n<li>\n<h3><strong>\u00bfEn cu\u00e1ntos d\u00edas se cura la cirug\u00eda de p\u00e1rpados?<\/strong><\/h3>\n<\/li>\n<\/ul>\n<p>El p\u00e1rpado es una de las zonas m\u00e1s sensibles. Las incisiones que se forman tras la cirug\u00eda comienzan a cicatrizar gradualmente en un plazo medio de 1 mes.<\/p>\n<ul>\n<li>\n<h3><strong>\u00bfSe produce una deficiencia visual despu\u00e9s de la cirug\u00eda?<\/strong><\/h3>\n<\/li>\n<\/ul>\n<p>Despu\u00e9s de la cirug\u00eda de p\u00e1rpados, se experimenta una visi\u00f3n borrosa durante un breve periodo de tiempo, que es temporal. Sin embargo, no existe un deterioro visual permanente tras la cirug\u00eda de p\u00e1rpados.<\/p>\n\t\t\t\t\t\t\t\t<\/div>\n\t\t\t\t<\/div>\n\t\t\t\t\t<\/div>\n\t\t<\/div>\n\t\t\t\t\t<\/div>\n\t\t<\/section>\n\t\t\t\t<\/div>\n\t\t","protected":false},"excerpt":{"rendered":"<p>Cirug\u00eda de p\u00e1rpados Qu\u00e9 es la est\u00e9tica de p\u00e1rpados Los ojos son una de las zonas m\u00e1s llamativas del rostro humano. La gente suele establecer contacto visual cuando se comunica. En estos casos, la est\u00e9tica de la mirada y del contorno de los ojos se convierte en un factor impresionante. Teniendo en cuenta las preocupaciones [&hellip;]<\/p>\n","protected":false},"author":1,"featured_media":0,"parent":0,"menu_order":0,"comment_status":"closed","ping_status":"closed","template":"","meta":{"footnotes":""},"class_list":["post-1915","page","type-page","status-publish","hentry"],"_links":{"self":[{"href":"https:\/\/serpilasamhairclinic.com\/es\/wp-json\/wp\/v2\/pages\/1915","targetHints":{"allow":["GET"]}}],"collection":[{"href":"https:\/\/serpilasamhairclinic.com\/es\/wp-json\/wp\/v2\/pages"}],"about":[{"href":"https:\/\/serpilasamhairclinic.com\/es\/wp-json\/wp\/v2\/types\/page"}],"author":[{"embeddable":true,"href":"https:\/\/serpilasamhairclinic.com\/es\/wp-json\/wp\/v2\/users\/1"}],"replies":[{"embeddable":true,"href":"https:\/\/serpilasamhairclinic.com\/es\/wp-json\/wp\/v2\/comments?post=1915"}],"version-history":[{"count":0,"href":"https:\/\/serpilasamhairclinic.com\/es\/wp-json\/wp\/v2\/pages\/1915\/revisions"}],"wp:attachment":[{"href":"https:\/\/serpilasamhairclinic.com\/es\/wp-json\/wp\/v2\/media?parent=1915"}],"curies":[{"name":"wp","href":"https:\/\/api.w.org\/{rel}","templated":true}]}}