{"id":1286,"date":"2022-03-17T10:12:37","date_gmt":"2022-03-17T10:12:37","guid":{"rendered":"https:\/\/serpilasamhairclinic.com\/trasplante-de-cabello-sin-afeitar\/"},"modified":"2022-03-17T10:26:57","modified_gmt":"2022-03-17T10:26:57","slug":"trasplante-de-cabello-sin-afeitar","status":"publish","type":"page","link":"https:\/\/serpilasamhairclinic.com\/es\/trasplante-de-cabello-sin-afeitar\/","title":{"rendered":"Trasplante de cabello sin afeitar"},"content":{"rendered":"\t\t<div data-elementor-type=\"wp-page\" data-elementor-id=\"1286\" class=\"elementor elementor-1286 elementor-1160\" data-elementor-post-type=\"page\">\n\t\t\t\t\t\t<section class=\"elementor-section elementor-top-section elementor-element elementor-element-2c1131e elementor-section-boxed elementor-section-height-default elementor-section-height-default\" data-id=\"2c1131e\" data-element_type=\"section\" data-e-type=\"section\" data-settings=\"{&quot;background_background&quot;:&quot;classic&quot;}\">\n\t\t\t\t\t\t<div class=\"elementor-container elementor-column-gap-default\">\n\t\t\t\t\t<div class=\"elementor-column elementor-col-100 elementor-top-column elementor-element elementor-element-b7c6070\" data-id=\"b7c6070\" data-element_type=\"column\" data-e-type=\"column\">\n\t\t\t<div class=\"elementor-widget-wrap elementor-element-populated\">\n\t\t\t\t\t\t<div class=\"elementor-element elementor-element-6d48f61 elementor-widget elementor-widget-heading\" data-id=\"6d48f61\" data-element_type=\"widget\" data-e-type=\"widget\" data-widget_type=\"heading.default\">\n\t\t\t\t<div class=\"elementor-widget-container\">\n\t\t\t\t\t<h1 class=\"elementor-heading-title elementor-size-default\">Trasplante de cabello sin afeitar<\/h1>\t\t\t\t<\/div>\n\t\t\t\t<\/div>\n\t\t\t\t\t<\/div>\n\t\t<\/div>\n\t\t\t\t\t<\/div>\n\t\t<\/section>\n\t\t\t\t<section class=\"elementor-section elementor-top-section elementor-element elementor-element-af4e8b8 elementor-section-boxed elementor-section-height-default elementor-section-height-default\" data-id=\"af4e8b8\" data-element_type=\"section\" data-e-type=\"section\">\n\t\t\t\t\t\t<div class=\"elementor-container elementor-column-gap-default\">\n\t\t\t\t\t<div class=\"elementor-column elementor-col-50 elementor-top-column elementor-element elementor-element-cc94c6d\" data-id=\"cc94c6d\" data-element_type=\"column\" data-e-type=\"column\">\n\t\t\t<div class=\"elementor-widget-wrap elementor-element-populated\">\n\t\t\t\t\t\t<div class=\"elementor-element elementor-element-7ff20f8 elementor-widget elementor-widget-image\" data-id=\"7ff20f8\" data-element_type=\"widget\" data-e-type=\"widget\" data-widget_type=\"image.default\">\n\t\t\t\t<div class=\"elementor-widget-container\">\n\t\t\t\t\t\t\t\t\t\t\t\t\t\t\t<img fetchpriority=\"high\" decoding=\"async\" width=\"800\" height=\"480\" src=\"https:\/\/serpilasamhairclinic.com\/wp-content\/uploads\/2022\/02\/serpil-asam-hair-transplant-slider-1024x615.jpg\" class=\"attachment-large size-large wp-image-644\" alt=\"\" srcset=\"https:\/\/serpilasamhairclinic.com\/wp-content\/uploads\/2022\/02\/serpil-asam-hair-transplant-slider-1024x615.jpg 1024w, https:\/\/serpilasamhairclinic.com\/wp-content\/uploads\/2022\/02\/serpil-asam-hair-transplant-slider-300x180.jpg 300w, https:\/\/serpilasamhairclinic.com\/wp-content\/uploads\/2022\/02\/serpil-asam-hair-transplant-slider-768x461.jpg 768w, https:\/\/serpilasamhairclinic.com\/wp-content\/uploads\/2022\/02\/serpil-asam-hair-transplant-slider-1536x922.jpg 1536w, https:\/\/serpilasamhairclinic.com\/wp-content\/uploads\/2022\/02\/serpil-asam-hair-transplant-slider.jpg 1800w\" sizes=\"(max-width: 800px) 100vw, 800px\" title=\"\">\t\t\t\t\t\t\t\t\t\t\t\t\t\t\t<\/div>\n\t\t\t\t<\/div>\n\t\t\t\t\t<\/div>\n\t\t<\/div>\n\t\t\t\t<div class=\"elementor-column elementor-col-50 elementor-top-column elementor-element elementor-element-5a7d9ee\" data-id=\"5a7d9ee\" data-element_type=\"column\" data-e-type=\"column\">\n\t\t\t<div class=\"elementor-widget-wrap elementor-element-populated\">\n\t\t\t\t\t\t<div class=\"elementor-element elementor-element-ea7f270 elementor-widget elementor-widget-image\" data-id=\"ea7f270\" data-element_type=\"widget\" data-e-type=\"widget\" data-widget_type=\"image.default\">\n\t\t\t\t<div class=\"elementor-widget-container\">\n\t\t\t\t\t\t\t\t\t\t\t\t\t\t\t<img decoding=\"async\" width=\"800\" height=\"480\" src=\"https:\/\/serpilasamhairclinic.com\/wp-content\/uploads\/2022\/02\/hair-transplant-sa-1024x615.jpg\" class=\"attachment-large size-large wp-image-578\" alt=\"\" srcset=\"https:\/\/serpilasamhairclinic.com\/wp-content\/uploads\/2022\/02\/hair-transplant-sa-1024x615.jpg 1024w, https:\/\/serpilasamhairclinic.com\/wp-content\/uploads\/2022\/02\/hair-transplant-sa-300x180.jpg 300w, https:\/\/serpilasamhairclinic.com\/wp-content\/uploads\/2022\/02\/hair-transplant-sa-768x461.jpg 768w, https:\/\/serpilasamhairclinic.com\/wp-content\/uploads\/2022\/02\/hair-transplant-sa-1536x922.jpg 1536w, https:\/\/serpilasamhairclinic.com\/wp-content\/uploads\/2022\/02\/hair-transplant-sa.jpg 1800w\" sizes=\"(max-width: 800px) 100vw, 800px\" title=\"\">\t\t\t\t\t\t\t\t\t\t\t\t\t\t\t<\/div>\n\t\t\t\t<\/div>\n\t\t\t\t\t<\/div>\n\t\t<\/div>\n\t\t\t\t\t<\/div>\n\t\t<\/section>\n\t\t\t\t<section class=\"elementor-section elementor-top-section elementor-element elementor-element-632af8c elementor-section-boxed elementor-section-height-default elementor-section-height-default\" data-id=\"632af8c\" data-element_type=\"section\" data-e-type=\"section\" id=\"estetik\" data-settings=\"{&quot;background_background&quot;:&quot;classic&quot;}\">\n\t\t\t\t\t\t<div class=\"elementor-container elementor-column-gap-default\">\n\t\t\t\t\t<div class=\"elementor-column elementor-col-100 elementor-top-column elementor-element elementor-element-45c92d73\" data-id=\"45c92d73\" data-element_type=\"column\" data-e-type=\"column\">\n\t\t\t<div class=\"elementor-widget-wrap elementor-element-populated\">\n\t\t\t\t\t\t<div class=\"elementor-element elementor-element-74b40ae elementor-widget elementor-widget-text-editor\" data-id=\"74b40ae\" data-element_type=\"widget\" data-e-type=\"widget\" data-widget_type=\"text-editor.default\">\n\t\t\t\t<div class=\"elementor-widget-container\">\n\t\t\t\t\t\t\t\t\t<h2><strong>\u00bfQU\u00c9 ES EL TRASPLANTE DE CABELLO SIN AFEITAR?<\/strong><\/h2><p><strong>El trasplante<\/strong> de cabello sin afeitar es un m\u00e9todo de trasplante de cabello realizado mediante el afeitado solo del \u00e1rea donante sin afeitar las partes frontal, lateral y posterior del cabello o toda el \u00e1rea de la cabeza peluda. En este m\u00e9todo, el experto determina la l\u00ednea del cabello y el \u00e1rea donante y si es adecuado para el trasplante de cabello sin afeitar. Las personas con cabello largo generalmente prefieren el trasplante de cabello sin afeitar. La zona donante afeitada se camufla f\u00e1cilmente cubriendo el pelo largo. Trasplante de cabello sin afeitar Trasplante de cabello parcialmente sin afeitar Extrusi\u00f3n de unidades foliculares (fue) y se realiza en dos m\u00e9todos como trasplante de cabello <strong>directo (dhi<\/strong> <strong>)<\/strong> .<\/p><h2><strong>\u00bfQu\u00e9 es el m\u00e9todo de extracci\u00f3n de unidades foliculares (fue)?<\/strong><\/h2><p>Es uno de los m\u00e9todos para obtener la transferencia del fol\u00edculo piloso. En este m\u00e9todo, los fol\u00edculos pilosos se extraen del \u00e1rea donante determinada mediante un procedimiento microquir\u00fargico y se preparan para transferirlos al \u00e1rea que se va a trasplantar. Consta de 2 etapas como recolecci\u00f3n y transferencia, y brinda la oportunidad de recolectar 2500-3500 semillas de fol\u00edculos pilosos en promedio en la primera etapa de recolecci\u00f3n de semillas de fol\u00edculos pilosos.<\/p><h2><strong>\u00bfQu\u00e9 es el m\u00e9todo de trasplante directo de cabello (DHI)?<\/strong><\/h2><p>Recientemente, es un m\u00e9todo que permite a los pacientes adecuados tener un trasplante de cabello sin afeitarse. En este m\u00e9todo, las semillas del fol\u00edculo piloso se toman del \u00e1rea donante con un bol\u00edgrafo m\u00e9dico especial llamado choi sin abrir ning\u00fan canal, y con la ayuda del mismo bol\u00edgrafo m\u00e9dico, se colocan en un \u00e1ngulo adecuado al \u00e1rea a trasplantar con luz. presi\u00f3n.<\/p><h2><strong>\u00bfQUI\u00c9N DEBE PREFERIR UN TRASPLANTE DE CABELLO SIN AFEITAR?<\/strong><\/h2><p>El trasplante de cabello sin afeitar es uno de los m\u00e9todos preferidos. Especialmente por mujeres y hombres de pelo largo que no quieren cortarse el pelo. Personas que prefieren el trasplante de cabello sin afeitar;<\/p><ul><li>Personas que experimentan p\u00e9rdida de cabello regional como resultado de alg\u00fan accidente.<\/li><li>Mujeres que no quieren raparse todo el pelo.<\/li><li>Los hombres con cabello largo quieren cubrir la zona calva con cabello largo gracias al trasplante de cabello sin afeitar o al trasplante de cabello parcialmente rapado.<\/li><li>Aquellos con cabello escaso en lugar de calvicie en la parte superior de la cabeza.<\/li><\/ul><h2><strong>\u00bfC\u00f3mo se realiza el trasplante de cabello sin afeitar y cu\u00e1les son las etapas?<\/strong><\/h2><ol><li><strong> Consulta (Inspecci\u00f3n)<\/strong><\/li><\/ol><p>Es la primera etapa en la que se planifica el trasplante de cabello sin afeitar. En esta etapa, el m\u00e9dico transfiere la informaci\u00f3n necesaria a la persona que se someter\u00e1 al trasplante de cabello, y mediante examen y an\u00e1lisis se determina si es adecuado para el trasplante de cabello. Cuando est\u00e1 seguro de que no hay ning\u00fan obst\u00e1culo para el trasplante de cabello, el m\u00e9dico determina la l\u00ednea del cabello para el trasplante de cabello sin afeitar.<\/p><ol start=\"2\"><li><strong> Etapa de preparaci\u00f3n<\/strong><\/li><\/ol><p>En esta etapa, todo el cabello es lavado y esterilizado. La zona donante la determina el especialista y se anestesia con anestesia local.<\/p><ol start=\"3\"><li><strong> Colecci\u00f3n De Semillas De Ra\u00edz De Cabello (Injerto)<\/strong><\/li><\/ol><p>Las semillas del fol\u00edculo piloso se comienzan a recolectar del \u00e1rea donante, que se anestesia con anestesia local. El n\u00famero de semillas de fol\u00edculos pilosos a recolectar se determina en la primera etapa del examen. En general, el cabello en el \u00e1rea de la nuca se elige como \u00e1rea donante porque es m\u00e1s resistente a la ca\u00edda. Las semillas de fol\u00edculos pilosos sanos recolectadas se preparan para transferirlas al \u00e1rea donde se plantar\u00e1n.<\/p><ol start=\"4\"><li><strong>4<\/strong> . <strong>Apertura de Canales<\/strong><\/li><\/ol><p>Las semillas de fol\u00edculos pilosos recolectadas para el trasplante de cabello deben estar en la misma direcci\u00f3n y profundidad que el cabello en el \u00e1rea que se va a plantar. Por esta raz\u00f3n, el \u00e1ngulo de los canales abiertos debe abrirse de acuerdo con la direcci\u00f3n de crecimiento del cabello en el \u00e1rea a trasplantar. En esta etapa se ajusta la distancia de los canales, este es un proceso que requiere cuidado y puede afectar el proceso posterior a la siembra. En el m\u00e9todo DHI, este proceso de ranurado no se realiza, las semillas del fol\u00edculo piloso se recogen una a una con un bol\u00edgrafo especial directamente y se colocan con una ligera presi\u00f3n en el \u00e1rea del trasplante capilar con el mismo bol\u00edgrafo.<\/p><ol start=\"5\"><li><strong> Transplante de cabello<\/strong><\/li><\/ol><p>Esta etapa es la \u00faltima y m\u00e1s importante etapa de la operaci\u00f3n de trasplante de cabello. Es muy importante que las semillas del fol\u00edculo piloso recolectadas se coloquen en los canales abiertos en el \u00e1ngulo correcto. El m\u00e9dico especialista coloca la cantidad apropiada de semillas de fol\u00edculos pilosos en los canales apropiados seg\u00fan lo planeado y realiza el trasplante de cabello.<\/p><h2><strong>Ventajas del trasplante de cabello sin afeitar<\/strong><\/h2><ol><li>La persona operada podr\u00e1 reincorporarse a su vida social en menor tiempo, ya que la zona donde se realiza el trasplante capilar est\u00e1 cubierta de otro cabello, ya que no es muy evidente.<\/li><li>Despu\u00e9s de la operaci\u00f3n, dado que la zona donante est\u00e1 cubierta por otro pelo largo, las costras cicatrizan m\u00e1s r\u00e1pido.<\/li><li>El trasplante de cabello sin afeitar es un proceso m\u00e1s c\u00f3modo en t\u00e9rminos de est\u00e9tica y psicolog\u00eda, especialmente en mujeres.<\/li><li>Dado que se utilizan menos semillas de fol\u00edculo piloso (injertos) en el trasplante de cabello sin afeitar, el proceso de curaci\u00f3n es m\u00e1s r\u00e1pido.<\/li><\/ol>\t\t\t\t\t\t\t\t<\/div>\n\t\t\t\t<\/div>\n\t\t\t\t\t<\/div>\n\t\t<\/div>\n\t\t\t\t\t<\/div>\n\t\t<\/section>\n\t\t\t\t<\/div>\n\t\t","protected":false},"excerpt":{"rendered":"<p>Trasplante de cabello sin afeitar \u00bfQU\u00c9 ES EL TRASPLANTE DE CABELLO SIN AFEITAR? El trasplante de cabello sin afeitar es un m\u00e9todo de trasplante de cabello realizado mediante el afeitado solo del \u00e1rea donante sin afeitar las partes frontal, lateral y posterior del cabello o toda el \u00e1rea de la cabeza peluda. En este m\u00e9todo, [&hellip;]<\/p>\n","protected":false},"author":1,"featured_media":0,"parent":0,"menu_order":0,"comment_status":"closed","ping_status":"closed","template":"","meta":{"footnotes":""},"class_list":["post-1286","page","type-page","status-publish","hentry"],"_links":{"self":[{"href":"https:\/\/serpilasamhairclinic.com\/es\/wp-json\/wp\/v2\/pages\/1286","targetHints":{"allow":["GET"]}}],"collection":[{"href":"https:\/\/serpilasamhairclinic.com\/es\/wp-json\/wp\/v2\/pages"}],"about":[{"href":"https:\/\/serpilasamhairclinic.com\/es\/wp-json\/wp\/v2\/types\/page"}],"author":[{"embeddable":true,"href":"https:\/\/serpilasamhairclinic.com\/es\/wp-json\/wp\/v2\/users\/1"}],"replies":[{"embeddable":true,"href":"https:\/\/serpilasamhairclinic.com\/es\/wp-json\/wp\/v2\/comments?post=1286"}],"version-history":[{"count":0,"href":"https:\/\/serpilasamhairclinic.com\/es\/wp-json\/wp\/v2\/pages\/1286\/revisions"}],"wp:attachment":[{"href":"https:\/\/serpilasamhairclinic.com\/es\/wp-json\/wp\/v2\/media?parent=1286"}],"curies":[{"name":"wp","href":"https:\/\/api.w.org\/{rel}","templated":true}]}}