{"id":1268,"date":"2022-03-17T10:11:13","date_gmt":"2022-03-17T10:11:13","guid":{"rendered":"https:\/\/serpilasamhairclinic.com\/trasplante-capilar-zafiro\/"},"modified":"2022-03-17T10:25:32","modified_gmt":"2022-03-17T10:25:32","slug":"trasplante-capilar-zafiro","status":"publish","type":"page","link":"https:\/\/serpilasamhairclinic.com\/es\/trasplante-capilar-zafiro\/","title":{"rendered":"Trasplante Capilar Zafiro"},"content":{"rendered":"\t\t<div data-elementor-type=\"wp-page\" data-elementor-id=\"1268\" class=\"elementor elementor-1268 elementor-1155\" data-elementor-post-type=\"page\">\n\t\t\t\t\t\t<section class=\"elementor-section elementor-top-section elementor-element elementor-element-2c1131e elementor-section-boxed elementor-section-height-default elementor-section-height-default\" data-id=\"2c1131e\" data-element_type=\"section\" data-e-type=\"section\" data-settings=\"{&quot;background_background&quot;:&quot;classic&quot;}\">\n\t\t\t\t\t\t<div class=\"elementor-container elementor-column-gap-default\">\n\t\t\t\t\t<div class=\"elementor-column elementor-col-100 elementor-top-column elementor-element elementor-element-b7c6070\" data-id=\"b7c6070\" data-element_type=\"column\" data-e-type=\"column\">\n\t\t\t<div class=\"elementor-widget-wrap elementor-element-populated\">\n\t\t\t\t\t\t<div class=\"elementor-element elementor-element-6d48f61 elementor-widget elementor-widget-heading\" data-id=\"6d48f61\" data-element_type=\"widget\" data-e-type=\"widget\" data-widget_type=\"heading.default\">\n\t\t\t\t<div class=\"elementor-widget-container\">\n\t\t\t\t\t<h1 class=\"elementor-heading-title elementor-size-default\">Trasplante Capilar Zafiro<\/h1>\t\t\t\t<\/div>\n\t\t\t\t<\/div>\n\t\t\t\t\t<\/div>\n\t\t<\/div>\n\t\t\t\t\t<\/div>\n\t\t<\/section>\n\t\t\t\t<section class=\"elementor-section elementor-top-section elementor-element elementor-element-af4e8b8 elementor-section-boxed elementor-section-height-default elementor-section-height-default\" data-id=\"af4e8b8\" data-element_type=\"section\" data-e-type=\"section\">\n\t\t\t\t\t\t<div class=\"elementor-container elementor-column-gap-default\">\n\t\t\t\t\t<div class=\"elementor-column elementor-col-50 elementor-top-column elementor-element elementor-element-cc94c6d\" data-id=\"cc94c6d\" data-element_type=\"column\" data-e-type=\"column\">\n\t\t\t<div class=\"elementor-widget-wrap elementor-element-populated\">\n\t\t\t\t\t\t<div class=\"elementor-element elementor-element-7ff20f8 elementor-widget elementor-widget-image\" data-id=\"7ff20f8\" data-element_type=\"widget\" data-e-type=\"widget\" data-widget_type=\"image.default\">\n\t\t\t\t<div class=\"elementor-widget-container\">\n\t\t\t\t\t\t\t\t\t\t\t\t\t\t\t<img fetchpriority=\"high\" decoding=\"async\" width=\"800\" height=\"480\" src=\"https:\/\/serpilasamhairclinic.com\/wp-content\/uploads\/2022\/02\/hair-transplant-sa-1-1024x615.jpg\" class=\"attachment-large size-large wp-image-584\" alt=\"\" srcset=\"https:\/\/serpilasamhairclinic.com\/wp-content\/uploads\/2022\/02\/hair-transplant-sa-1-1024x615.jpg 1024w, https:\/\/serpilasamhairclinic.com\/wp-content\/uploads\/2022\/02\/hair-transplant-sa-1-300x180.jpg 300w, https:\/\/serpilasamhairclinic.com\/wp-content\/uploads\/2022\/02\/hair-transplant-sa-1-768x461.jpg 768w, https:\/\/serpilasamhairclinic.com\/wp-content\/uploads\/2022\/02\/hair-transplant-sa-1-1536x922.jpg 1536w, https:\/\/serpilasamhairclinic.com\/wp-content\/uploads\/2022\/02\/hair-transplant-sa-1.jpg 1800w\" sizes=\"(max-width: 800px) 100vw, 800px\" title=\"\">\t\t\t\t\t\t\t\t\t\t\t\t\t\t\t<\/div>\n\t\t\t\t<\/div>\n\t\t\t\t\t<\/div>\n\t\t<\/div>\n\t\t\t\t<div class=\"elementor-column elementor-col-50 elementor-top-column elementor-element elementor-element-5a7d9ee\" data-id=\"5a7d9ee\" data-element_type=\"column\" data-e-type=\"column\">\n\t\t\t<div class=\"elementor-widget-wrap elementor-element-populated\">\n\t\t\t\t\t\t<div class=\"elementor-element elementor-element-ea7f270 elementor-widget elementor-widget-image\" data-id=\"ea7f270\" data-element_type=\"widget\" data-e-type=\"widget\" data-widget_type=\"image.default\">\n\t\t\t\t<div class=\"elementor-widget-container\">\n\t\t\t\t\t\t\t\t\t\t\t\t\t\t\t<img decoding=\"async\" width=\"800\" height=\"480\" src=\"https:\/\/serpilasamhairclinic.com\/wp-content\/uploads\/2022\/02\/hair-transplant-sa-1024x615.jpg\" class=\"attachment-large size-large wp-image-578\" alt=\"\" srcset=\"https:\/\/serpilasamhairclinic.com\/wp-content\/uploads\/2022\/02\/hair-transplant-sa-1024x615.jpg 1024w, https:\/\/serpilasamhairclinic.com\/wp-content\/uploads\/2022\/02\/hair-transplant-sa-300x180.jpg 300w, https:\/\/serpilasamhairclinic.com\/wp-content\/uploads\/2022\/02\/hair-transplant-sa-768x461.jpg 768w, https:\/\/serpilasamhairclinic.com\/wp-content\/uploads\/2022\/02\/hair-transplant-sa-1536x922.jpg 1536w, https:\/\/serpilasamhairclinic.com\/wp-content\/uploads\/2022\/02\/hair-transplant-sa.jpg 1800w\" sizes=\"(max-width: 800px) 100vw, 800px\" title=\"\">\t\t\t\t\t\t\t\t\t\t\t\t\t\t\t<\/div>\n\t\t\t\t<\/div>\n\t\t\t\t\t<\/div>\n\t\t<\/div>\n\t\t\t\t\t<\/div>\n\t\t<\/section>\n\t\t\t\t<section class=\"elementor-section elementor-top-section elementor-element elementor-element-632af8c elementor-section-boxed elementor-section-height-default elementor-section-height-default\" data-id=\"632af8c\" data-element_type=\"section\" data-e-type=\"section\" id=\"estetik\" data-settings=\"{&quot;background_background&quot;:&quot;classic&quot;}\">\n\t\t\t\t\t\t<div class=\"elementor-container elementor-column-gap-default\">\n\t\t\t\t\t<div class=\"elementor-column elementor-col-100 elementor-top-column elementor-element elementor-element-45c92d73\" data-id=\"45c92d73\" data-element_type=\"column\" data-e-type=\"column\">\n\t\t\t<div class=\"elementor-widget-wrap elementor-element-populated\">\n\t\t\t\t\t\t<div class=\"elementor-element elementor-element-74b40ae elementor-widget elementor-widget-text-editor\" data-id=\"74b40ae\" data-element_type=\"widget\" data-e-type=\"widget\" data-widget_type=\"text-editor.default\">\n\t\t\t\t<div class=\"elementor-widget-container\">\n\t\t\t\t\t\t\t\t\t<p>Hoy, junto con los avances tecnol\u00f3gicos, ha habido avances en las t\u00e9cnicas de trasplante de cabello, uno de los cuales es el m\u00e9todo de trasplante de cabello Sapphire. Desde 2001, este m\u00e9todo se ha aplicado con frecuencia en todo el mundo. La t\u00e9cnica de trasplante de cabello Sapphire se conoce como m\u00e9todo de trasplante de cabello Sapphire Fue utilizando instrumentos especiales con puntas de zafiro. Contrariamente a la creencia popular, estos instrumentos especiales con punta de zafiro no est\u00e1n hechos de piedra de zafiro. Las hojas de zafiro se fabrican con zafiro sint\u00e9tico (Al2O3 = \u00f3xido de aluminio) y son cientos de veces m\u00e1s duraderas que el acero normal. Se hacen perfectos para las operaciones de trasplante de cabello al pasar por etapas especiales.<\/p><h2><strong>\u00bfQu\u00e9 es el trasplante capilar de zafiro?<\/strong><\/h2><p>Es posible lograr resultados permanentes con el m\u00e9todo de trasplante de cabello de zafiro para la p\u00e9rdida y adelgazamiento del cabello causados tanto por factores gen\u00e9ticos como ambientales en hombres y mujeres desde el pasado hasta el d\u00eda de hoy.<\/p><p>Trasplante de cabello de zafiro; Es una t\u00e9cnica de trasplante de cabello que utiliza cuchillas con punta de zafiro que se utiliza junto con el m\u00e9todo fue. Gracias a estas hojas de zafiro utilizadas, dado que los canales abiertos son m\u00e1s m\u00ednimos, la curaci\u00f3n es m\u00e1s r\u00e1pida al mismo ritmo.<\/p><h2><strong>\u00bfCu\u00e1les son las etapas del trasplante de cabello con zafiro?<\/strong><\/h2><ol><li>Tras la decisi\u00f3n de someterse a un trasplante capilar de zafiro, en primer lugar se realiza un control m\u00e9dico exhaustivo.<\/li><li>Despu\u00e9s de los ex\u00e1menes y pruebas, se determina el \u00e1rea a trasplantar con zafiro y el \u00e1rea donante. Posteriormente se dibuja la l\u00ednea capilar de la zona a trasplantar con pelo de zafiro. En esta etapa, la cantidad promedio de semillas de fol\u00edculo piloso a tomar se determina de acuerdo con el ancho del \u00e1rea a transferir.<\/li><li>La zona a trasplantar con zafiro y la zona donante se anestesian con anestesia local.<\/li><li>En el trasplante de cabello de zafiro, las semillas del fol\u00edculo piloso (injerto) se extraen del \u00e1rea donante mediante el uso de micromotores con el m\u00e9todo fue.<\/li><li>Las semillas del fol\u00edculo piloso tomadas con la ayuda de micromotores se recolectan cuidadosamente en una secci\u00f3n.<\/li><li>Una vez que se completa el proceso de recolecci\u00f3n del fol\u00edculo piloso, el siguiente paso, utilizando cuchillas con punta de zafiro, es abrir canales con el dolor, la direcci\u00f3n y la frecuencia deseada en el \u00e1rea a trasplantar.<\/li><li>Como \u00faltimo paso, las semillas del fol\u00edculo piloso recolectadas con la ayuda de micromotores se colocan en los canales abiertos con cuchillas con punta de zafiro. Por lo tanto, se completa el trasplante de cabello de zafiro.<\/li><\/ol><h2><strong>Cosas a considerar antes del trasplante de cabello con zafiro<\/strong><\/h2><ul><li>No se deben usar anticoagulantes antes del trasplante de cabello de zafiro.<\/li><li>Se debe dejar de fumar y consumir alcohol al menos 1 semana antes del trasplante de cabello de zafiro.<\/li><li>Debe informar a su m\u00e9dico si tiene una enfermedad cr\u00f3nica o medicamentos que usa constantemente.<\/li><li>Debe descansar bien y dormir antes de la operaci\u00f3n de trasplante de cabello de zafiro.<\/li><\/ul><h2><strong>Cosas a considerar despu\u00e9s del trasplante de cabello con zafiro<\/strong><\/h2><ol><li>No debe usar ropa ajustada antes y despu\u00e9s de la operaci\u00f3n de trasplante de cabello de zafiro, puede da\u00f1ar el \u00e1rea trasplantada mientras se viste.<\/li><li>Despu\u00e9s del trasplante de cabello de zafiro, no debe usar alcohol ni cigarrillos durante el per\u00edodo determinado por su m\u00e9dico.<\/li><li>Despu\u00e9s de la operaci\u00f3n, debe usar los medicamentos recetados por su m\u00e9dico durante el per\u00edodo recomendado por su m\u00e9dico.<\/li><li>No debe exponerse al sol durante los primeros 15 d\u00edas posteriores a la operaci\u00f3n de trasplante capilar de zafiro, y debe mantenerse alejado de actividades como el mar, el ba\u00f1o turco y la sauna.<\/li><li>Se debe tener cuidado mientras est\u00e1 acostado y no debe usar accesorios como sombreros, chales, bufandas sin la aprobaci\u00f3n del m\u00e9dico.<\/li><li>Despu\u00e9s del trasplante de cabello de zafiro, no debe aplicar presi\u00f3n en el \u00e1rea trasplantada con la mano.<\/li><li>Hasta que su m\u00e9dico lo apruebe, no debe afeitarse ni aplicarse tratamientos t\u00e9rmicos, como un secador de cabello.<\/li><\/ol><h2><strong>Cuidado del cabello despu\u00e9s del trasplante de cabello con zafiro<\/strong><\/h2><p>Despu\u00e9s de la operaci\u00f3n de trasplante de cabello de zafiro, el primer lavado generalmente lo realiza el m\u00e9dico. En la siguiente etapa, cuando vence el tiempo determinado por el espacio, se puede realizar el lavado con un champ\u00fa especial prescrito por el especialista. Despu\u00e9s del trasplante de cabello de zafiro, no se debe usar ning\u00fan otro producto que no sean los medicamentos y cremas recomendados por su m\u00e9dico. Despu\u00e9s del trasplante de cabello de zafiro, no se recomienda el m\u00e9todo de afeitado sin tijera. De acuerdo al \u00edndice de recuperaci\u00f3n de la persona, se puede rasurar con la recomendaci\u00f3n del m\u00e9dico. No use ning\u00fan producto para el cuidado del cabello en su cabello durante la fase de recuperaci\u00f3n y no tenga ning\u00fan procedimiento que est\u00e9 expuesto al calor.<\/p><h2><strong>\u00bfQui\u00e9n puede tener un trasplante de cabello de zafiro?<\/strong><\/h2><p>Las personas aptas para el trasplante de cabello de zafiro se determinan solo despu\u00e9s de un examen completo. Aparte de la salud de su cabello y fol\u00edculos pilosos, su salud general tambi\u00e9n deber\u00eda ser favorable. Debe ser mayor de 18 a\u00f1os para aplicar el trasplante de cabello de zafiro.<\/p>\t\t\t\t\t\t\t\t<\/div>\n\t\t\t\t<\/div>\n\t\t\t\t\t<\/div>\n\t\t<\/div>\n\t\t\t\t\t<\/div>\n\t\t<\/section>\n\t\t\t\t<\/div>\n\t\t","protected":false},"excerpt":{"rendered":"<p>Trasplante Capilar Zafiro Hoy, junto con los avances tecnol\u00f3gicos, ha habido avances en las t\u00e9cnicas de trasplante de cabello, uno de los cuales es el m\u00e9todo de trasplante de cabello Sapphire. Desde 2001, este m\u00e9todo se ha aplicado con frecuencia en todo el mundo. La t\u00e9cnica de trasplante de cabello Sapphire se conoce como m\u00e9todo [&hellip;]<\/p>\n","protected":false},"author":1,"featured_media":0,"parent":0,"menu_order":0,"comment_status":"closed","ping_status":"closed","template":"","meta":{"footnotes":""},"class_list":["post-1268","page","type-page","status-publish","hentry"],"_links":{"self":[{"href":"https:\/\/serpilasamhairclinic.com\/es\/wp-json\/wp\/v2\/pages\/1268","targetHints":{"allow":["GET"]}}],"collection":[{"href":"https:\/\/serpilasamhairclinic.com\/es\/wp-json\/wp\/v2\/pages"}],"about":[{"href":"https:\/\/serpilasamhairclinic.com\/es\/wp-json\/wp\/v2\/types\/page"}],"author":[{"embeddable":true,"href":"https:\/\/serpilasamhairclinic.com\/es\/wp-json\/wp\/v2\/users\/1"}],"replies":[{"embeddable":true,"href":"https:\/\/serpilasamhairclinic.com\/es\/wp-json\/wp\/v2\/comments?post=1268"}],"version-history":[{"count":0,"href":"https:\/\/serpilasamhairclinic.com\/es\/wp-json\/wp\/v2\/pages\/1268\/revisions"}],"wp:attachment":[{"href":"https:\/\/serpilasamhairclinic.com\/es\/wp-json\/wp\/v2\/media?parent=1268"}],"curies":[{"name":"wp","href":"https:\/\/api.w.org\/{rel}","templated":true}]}}