{"id":1252,"date":"2022-03-17T10:07:43","date_gmt":"2022-03-17T10:07:43","guid":{"rendered":"https:\/\/serpilasamhairclinic.com\/tratamiento-prp\/"},"modified":"2022-03-17T10:23:58","modified_gmt":"2022-03-17T10:23:58","slug":"tratamiento-prp","status":"publish","type":"page","link":"https:\/\/serpilasamhairclinic.com\/es\/tratamiento-prp\/","title":{"rendered":"Tratamiento PRP"},"content":{"rendered":"\t\t<div data-elementor-type=\"wp-page\" data-elementor-id=\"1252\" class=\"elementor elementor-1252\" data-elementor-post-type=\"page\">\n\t\t\t\t\t\t<section class=\"elementor-section elementor-top-section elementor-element elementor-element-2c1131e elementor-section-boxed elementor-section-height-default elementor-section-height-default\" data-id=\"2c1131e\" data-element_type=\"section\" data-e-type=\"section\" data-settings=\"{&quot;background_background&quot;:&quot;classic&quot;}\">\n\t\t\t\t\t\t<div class=\"elementor-container elementor-column-gap-default\">\n\t\t\t\t\t<div class=\"elementor-column elementor-col-100 elementor-top-column elementor-element elementor-element-b7c6070\" data-id=\"b7c6070\" data-element_type=\"column\" data-e-type=\"column\">\n\t\t\t<div class=\"elementor-widget-wrap elementor-element-populated\">\n\t\t\t\t\t\t<div class=\"elementor-element elementor-element-6d48f61 elementor-widget elementor-widget-heading\" data-id=\"6d48f61\" data-element_type=\"widget\" data-e-type=\"widget\" data-widget_type=\"heading.default\">\n\t\t\t\t<div class=\"elementor-widget-container\">\n\t\t\t\t\t<h1 class=\"elementor-heading-title elementor-size-default\">Tratamiento PRP<\/h1>\t\t\t\t<\/div>\n\t\t\t\t<\/div>\n\t\t\t\t\t<\/div>\n\t\t<\/div>\n\t\t\t\t\t<\/div>\n\t\t<\/section>\n\t\t\t\t<section class=\"elementor-section elementor-top-section elementor-element elementor-element-af4e8b8 elementor-section-boxed elementor-section-height-default elementor-section-height-default\" data-id=\"af4e8b8\" data-element_type=\"section\" data-e-type=\"section\">\n\t\t\t\t\t\t<div class=\"elementor-container elementor-column-gap-default\">\n\t\t\t\t\t<div class=\"elementor-column elementor-col-50 elementor-top-column elementor-element elementor-element-cc94c6d\" data-id=\"cc94c6d\" data-element_type=\"column\" data-e-type=\"column\">\n\t\t\t<div class=\"elementor-widget-wrap elementor-element-populated\">\n\t\t\t\t\t\t<div class=\"elementor-element elementor-element-7ff20f8 elementor-widget elementor-widget-image\" data-id=\"7ff20f8\" data-element_type=\"widget\" data-e-type=\"widget\" data-widget_type=\"image.default\">\n\t\t\t\t<div class=\"elementor-widget-container\">\n\t\t\t\t\t\t\t\t\t\t\t\t\t\t\t<img fetchpriority=\"high\" decoding=\"async\" width=\"800\" height=\"480\" src=\"https:\/\/serpilasamhairclinic.com\/wp-content\/uploads\/2022\/02\/hair-transplant-sa-2-1024x615.jpg\" class=\"attachment-large size-large wp-image-590\" alt=\"\" srcset=\"https:\/\/serpilasamhairclinic.com\/wp-content\/uploads\/2022\/02\/hair-transplant-sa-2-1024x615.jpg 1024w, https:\/\/serpilasamhairclinic.com\/wp-content\/uploads\/2022\/02\/hair-transplant-sa-2-300x180.jpg 300w, https:\/\/serpilasamhairclinic.com\/wp-content\/uploads\/2022\/02\/hair-transplant-sa-2-768x461.jpg 768w, https:\/\/serpilasamhairclinic.com\/wp-content\/uploads\/2022\/02\/hair-transplant-sa-2-1536x922.jpg 1536w, https:\/\/serpilasamhairclinic.com\/wp-content\/uploads\/2022\/02\/hair-transplant-sa-2.jpg 1800w\" sizes=\"(max-width: 800px) 100vw, 800px\" title=\"\">\t\t\t\t\t\t\t\t\t\t\t\t\t\t\t<\/div>\n\t\t\t\t<\/div>\n\t\t\t\t\t<\/div>\n\t\t<\/div>\n\t\t\t\t<div class=\"elementor-column elementor-col-50 elementor-top-column elementor-element elementor-element-5a7d9ee\" data-id=\"5a7d9ee\" data-element_type=\"column\" data-e-type=\"column\">\n\t\t\t<div class=\"elementor-widget-wrap elementor-element-populated\">\n\t\t\t\t\t\t<div class=\"elementor-element elementor-element-ea7f270 elementor-widget elementor-widget-image\" data-id=\"ea7f270\" data-element_type=\"widget\" data-e-type=\"widget\" data-widget_type=\"image.default\">\n\t\t\t\t<div class=\"elementor-widget-container\">\n\t\t\t\t\t\t\t\t\t\t\t\t\t\t\t<img decoding=\"async\" width=\"800\" height=\"480\" src=\"https:\/\/serpilasamhairclinic.com\/wp-content\/uploads\/2022\/02\/hair-transplant-sa-1024x615.jpg\" class=\"attachment-large size-large wp-image-578\" alt=\"\" srcset=\"https:\/\/serpilasamhairclinic.com\/wp-content\/uploads\/2022\/02\/hair-transplant-sa-1024x615.jpg 1024w, https:\/\/serpilasamhairclinic.com\/wp-content\/uploads\/2022\/02\/hair-transplant-sa-300x180.jpg 300w, https:\/\/serpilasamhairclinic.com\/wp-content\/uploads\/2022\/02\/hair-transplant-sa-768x461.jpg 768w, https:\/\/serpilasamhairclinic.com\/wp-content\/uploads\/2022\/02\/hair-transplant-sa-1536x922.jpg 1536w, https:\/\/serpilasamhairclinic.com\/wp-content\/uploads\/2022\/02\/hair-transplant-sa.jpg 1800w\" sizes=\"(max-width: 800px) 100vw, 800px\" title=\"\">\t\t\t\t\t\t\t\t\t\t\t\t\t\t\t<\/div>\n\t\t\t\t<\/div>\n\t\t\t\t\t<\/div>\n\t\t<\/div>\n\t\t\t\t\t<\/div>\n\t\t<\/section>\n\t\t\t\t<section class=\"elementor-section elementor-top-section elementor-element elementor-element-632af8c elementor-section-boxed elementor-section-height-default elementor-section-height-default\" data-id=\"632af8c\" data-element_type=\"section\" data-e-type=\"section\" id=\"estetik\" data-settings=\"{&quot;background_background&quot;:&quot;classic&quot;}\">\n\t\t\t\t\t\t<div class=\"elementor-container elementor-column-gap-default\">\n\t\t\t\t\t<div class=\"elementor-column elementor-col-100 elementor-top-column elementor-element elementor-element-45c92d73\" data-id=\"45c92d73\" data-element_type=\"column\" data-e-type=\"column\">\n\t\t\t<div class=\"elementor-widget-wrap elementor-element-populated\">\n\t\t\t\t\t\t<div class=\"elementor-element elementor-element-74b40ae elementor-widget elementor-widget-text-editor\" data-id=\"74b40ae\" data-element_type=\"widget\" data-e-type=\"widget\" data-widget_type=\"text-editor.default\">\n\t\t\t\t<div class=\"elementor-widget-container\">\n\t\t\t\t\t\t\t\t\t<p>PRP; Es una forma de tratamiento con la inyecci\u00f3n de una sustancia obtenida de la propia sangre de la persona. La sustancia inyectada es plasma enriquecido en plaquetas. El plasma es un componente de la sangre que ayuda a la sangre a coagularse y contiene c\u00e9lulas especiales llamadas plaquetas u otros factores y prote\u00ednas. Estos plasmas tambi\u00e9n contienen prote\u00ednas que promueven el crecimiento celular. Separando y concentrando el plasma de la sangre se obtiene prp, un plasma m\u00e1s rico en plaquetas. As\u00ed, se inyecta en los tejidos da\u00f1ados y asegura la proliferaci\u00f3n de c\u00e9lulas sanas.<\/p><h2><strong>\u00bfC\u00f3mo es el tratamiento Prp?<\/strong><\/h2><p>El tratamiento de Prp comienza con la extracci\u00f3n de sangre del paciente y su recolecci\u00f3n en un tubo. Luego, la sangre se introduce en un tubo que contiene gel. La sangre recogida se separa en 5-8 minutos mediante el m\u00e9todo de centrifugaci\u00f3n. Se separa la parte plasm\u00e1tica de la sangre rica en plaquetas y factores de crecimiento. La sangre obtenida se aplica al \u00e1rea determinada con la ayuda de una inyecci\u00f3n.<\/p><p><strong>\u00c1reas De Tratamiento Prp<\/strong><\/p><ul><li>Para dar elasticidad y brillo a la piel.<\/li><li>Prevenir la ca\u00edda del cabello, fortalecer el cabello<\/li><li>Prevenir arrugas y depresiones<\/li><li>Reconstruyendo la piel en heridas, grietas y da\u00f1os en la piel<\/li><li>Para proporcionar curaci\u00f3n de quemaduras en la piel despu\u00e9s de procedimientos como el l\u00e1ser.<\/li><li>Se utiliza en \u00e1reas como cara, manos y brazos, interior de piernas, cuello en est\u00e9tica m\u00e9dica.<\/li><\/ul><h2><strong>Tratamiento Capilar Con Prp<\/strong><\/h2><p>Es normal perder 100-150 cabellos en la vida diaria. Sin embargo, un aumento en este n\u00famero indica que debe tomar precauciones. Despu\u00e9s de este punto, prp es uno de los primeros m\u00e9todos con los que te encontrar\u00e1s. En el proceso donde el cabello comienza a caerse con frecuencia, se puede optar por el tratamiento prp para la fijaci\u00f3n de los fol\u00edculos pilosos y un crecimiento m\u00e1s saludable despu\u00e9s de la operaci\u00f3n de trasplante capilar.<\/p><p>Para aplicar el prp para la ca\u00edda del cabello, se toma un promedio de 10 cc de sangre del paciente. Esta sangre extra\u00edda se separa en dos partes como sangre blanca y sangre roja mediante un proceso especial. Hay factor de crecimiento plaquetario en la parte roja. Despu\u00e9s de aplicar un tratamiento especial a la sangre roja, se inyecta en la parte con desprendimiento o diluci\u00f3n con el m\u00e9todo nap aj. La base de esta aplicaci\u00f3n es la nutrici\u00f3n del cabello y la regeneraci\u00f3n de los tejidos. El paciente no siente ning\u00fan dolor durante el procedimiento.<\/p><h2><strong>\u00bfCu\u00e1ndo debe ser Prp despu\u00e9s del trasplante de cabello?<\/strong><\/h2><p>El PRP es un m\u00e9todo de tratamiento que se ha utilizado en todo el mundo durante muchos a\u00f1os y ha comenzado a preferirse m\u00e1s en los \u00faltimos a\u00f1os. El crecimiento del cabello es apoyado por este m\u00e9todo de tratamiento. Por lo tanto, se puede recomendar el tratamiento con PRP despu\u00e9s del trasplante de cabello a algunas personas. El PRP es una buena opci\u00f3n para aumentar el \u00e9xito del trasplante capilar.<\/p><p>Con PRP, los factores de crecimiento y las plaquetas aparecen en el cuero cabelludo. Esto afecta positivamente todo el proceso de curaci\u00f3n. Sin embargo, para que el tratamiento PRP sea exitoso, es extremadamente importante hacerlo en el momento adecuado. El tratamiento con PRP se puede realizar 10 d\u00edas despu\u00e9s de un procedimiento de trasplante de cabello sin problemas. Otras sesiones deben programarse despu\u00e9s de 1 mes, 3 meses y 6 meses. En general, un total de 4 sesiones de tratamiento ser\u00e1n suficientes.<\/p><p> Al mismo tiempo, la cantidad de procesos y sesiones puede variar de persona a persona. En tales casos, el tratamiento prp se puede realizar 3-4 meses despu\u00e9s de la cirug\u00eda. El n\u00famero de sesiones puede variar seg\u00fan el estado de la persona.<\/p><h2><strong>\u00bfCu\u00e1nto dura el tratamiento capilar con Prp?<\/strong><\/h2><p>El tratamiento capilar con Prp es en sesiones que se realizan cada 15 d\u00edas de media. El n\u00famero de sesiones puede variar seg\u00fan las necesidades de la persona y la decisi\u00f3n del m\u00e9dico especialista. El proceso toma un promedio de 30 minutos. Este proceso puede tomar de 3 a 4 meses o m\u00e1s seg\u00fan las necesidades de la persona. Una vez completadas las sesiones de tratamiento prp, se recomienda el tratamiento prp una vez al a\u00f1o.<\/p><h2><strong>\u00bfCu\u00e1les son las ventajas del tratamiento Prp?<\/strong><\/h2><ul><li>Dado que el plasma especial se obtiene de la propia sangre de la persona, no hay riesgo de alergia.<\/li><li>Gracias a la inyecci\u00f3n utilizada en el tratamiento de Prp, no queda cicatriz despu\u00e9s del procedimiento.<\/li><li>No se siente dolor durante el tratamiento.<\/li><li>Ayuda a que las heridas cicatricen m\u00e1s r\u00e1pido, especialmente despu\u00e9s de la operaci\u00f3n de trasplante capilar.<\/li><li>Apoya el crecimiento saludable del cabello despu\u00e9s de la operaci\u00f3n de trasplante de cabello.<\/li><li>Protege el cabello contra derrames,<\/li><li>Aumenta la vitalidad del fol\u00edculo piloso,<\/li><li>Repara la textura del cabello y estimula el crecimiento del cabello,<\/li><li>Revitaliza los fol\u00edculos pilosos inactivos.<\/li><\/ul><h2><strong>\u00bfQu\u00e9 debe ser despu\u00e9s de aplicar el PRP?<\/strong><\/h2><ul><li>Despu\u00e9s de aplicar el PRP, es adecuado aplicar hielo y usar analg\u00e9sicos para dolores muy leves.<\/li><li>Se pueden hacer ejercicios simples de estiramiento, pero se deben evitar los ejercicios de resistencia al peso. El tiempo para volver a hacer deporte puede variar entre 3-6 semanas.<\/li><li>Dado que el tratamiento PRP se aplica en el \u00e1rea de la cabeza despu\u00e9s del trasplante de cabello, es necesario no aplicar presi\u00f3n en el \u00e1rea.<\/li><li>Ser\u00eda adecuado preguntarle a su m\u00e9dico sobre los medicamentos que puede usar despu\u00e9s de la aplicaci\u00f3n de PRP y su regreso a los deportes.<\/li><\/ul>\t\t\t\t\t\t\t\t<\/div>\n\t\t\t\t<\/div>\n\t\t\t\t\t<\/div>\n\t\t<\/div>\n\t\t\t\t\t<\/div>\n\t\t<\/section>\n\t\t\t\t<\/div>\n\t\t","protected":false},"excerpt":{"rendered":"<p>Tratamiento PRP PRP; Es una forma de tratamiento con la inyecci\u00f3n de una sustancia obtenida de la propia sangre de la persona. La sustancia inyectada es plasma enriquecido en plaquetas. El plasma es un componente de la sangre que ayuda a la sangre a coagularse y contiene c\u00e9lulas especiales llamadas plaquetas u otros factores y [&hellip;]<\/p>\n","protected":false},"author":1,"featured_media":0,"parent":0,"menu_order":0,"comment_status":"closed","ping_status":"closed","template":"","meta":{"footnotes":""},"class_list":["post-1252","page","type-page","status-publish","hentry"],"_links":{"self":[{"href":"https:\/\/serpilasamhairclinic.com\/es\/wp-json\/wp\/v2\/pages\/1252","targetHints":{"allow":["GET"]}}],"collection":[{"href":"https:\/\/serpilasamhairclinic.com\/es\/wp-json\/wp\/v2\/pages"}],"about":[{"href":"https:\/\/serpilasamhairclinic.com\/es\/wp-json\/wp\/v2\/types\/page"}],"author":[{"embeddable":true,"href":"https:\/\/serpilasamhairclinic.com\/es\/wp-json\/wp\/v2\/users\/1"}],"replies":[{"embeddable":true,"href":"https:\/\/serpilasamhairclinic.com\/es\/wp-json\/wp\/v2\/comments?post=1252"}],"version-history":[{"count":0,"href":"https:\/\/serpilasamhairclinic.com\/es\/wp-json\/wp\/v2\/pages\/1252\/revisions"}],"wp:attachment":[{"href":"https:\/\/serpilasamhairclinic.com\/es\/wp-json\/wp\/v2\/media?parent=1252"}],"curies":[{"name":"wp","href":"https:\/\/api.w.org\/{rel}","templated":true}]}}