{"id":1236,"date":"2022-03-17T10:02:55","date_gmt":"2022-03-17T10:02:55","guid":{"rendered":"https:\/\/serpilasamhairclinic.com\/trasplante-de-cabello-mientras-duerme\/"},"modified":"2022-03-17T10:22:33","modified_gmt":"2022-03-17T10:22:33","slug":"trasplante-de-cabello-mientras-duerme","status":"publish","type":"page","link":"https:\/\/serpilasamhairclinic.com\/es\/trasplante-de-cabello-mientras-duerme\/","title":{"rendered":"Trasplante de cabello mientras duerme"},"content":{"rendered":"\t\t<div data-elementor-type=\"wp-page\" data-elementor-id=\"1236\" class=\"elementor elementor-1236 elementor-1135\" data-elementor-post-type=\"page\">\n\t\t\t\t\t\t<section class=\"elementor-section elementor-top-section elementor-element elementor-element-2c1131e elementor-section-boxed elementor-section-height-default elementor-section-height-default\" data-id=\"2c1131e\" data-element_type=\"section\" data-e-type=\"section\" data-settings=\"{&quot;background_background&quot;:&quot;classic&quot;}\">\n\t\t\t\t\t\t<div class=\"elementor-container elementor-column-gap-default\">\n\t\t\t\t\t<div class=\"elementor-column elementor-col-100 elementor-top-column elementor-element elementor-element-b7c6070\" data-id=\"b7c6070\" data-element_type=\"column\" data-e-type=\"column\">\n\t\t\t<div class=\"elementor-widget-wrap elementor-element-populated\">\n\t\t\t\t\t\t<div class=\"elementor-element elementor-element-6d48f61 elementor-widget elementor-widget-heading\" data-id=\"6d48f61\" data-element_type=\"widget\" data-e-type=\"widget\" data-widget_type=\"heading.default\">\n\t\t\t\t<div class=\"elementor-widget-container\">\n\t\t\t\t\t<h1 class=\"elementor-heading-title elementor-size-default\">Trasplante de cabello mientras duerme<\/h1>\t\t\t\t<\/div>\n\t\t\t\t<\/div>\n\t\t\t\t\t<\/div>\n\t\t<\/div>\n\t\t\t\t\t<\/div>\n\t\t<\/section>\n\t\t\t\t<section class=\"elementor-section elementor-top-section elementor-element elementor-element-af4e8b8 elementor-section-boxed elementor-section-height-default elementor-section-height-default\" data-id=\"af4e8b8\" data-element_type=\"section\" data-e-type=\"section\">\n\t\t\t\t\t\t<div class=\"elementor-container elementor-column-gap-default\">\n\t\t\t\t\t<div class=\"elementor-column elementor-col-50 elementor-top-column elementor-element elementor-element-cc94c6d\" data-id=\"cc94c6d\" data-element_type=\"column\" data-e-type=\"column\">\n\t\t\t<div class=\"elementor-widget-wrap elementor-element-populated\">\n\t\t\t\t\t\t<div class=\"elementor-element elementor-element-7ff20f8 elementor-widget elementor-widget-image\" data-id=\"7ff20f8\" data-element_type=\"widget\" data-e-type=\"widget\" data-widget_type=\"image.default\">\n\t\t\t\t<div class=\"elementor-widget-container\">\n\t\t\t\t\t\t\t\t\t\t\t\t\t\t\t<img fetchpriority=\"high\" decoding=\"async\" width=\"800\" height=\"480\" src=\"https:\/\/serpilasamhairclinic.com\/wp-content\/uploads\/2022\/02\/hair-transplant-sa-1-1024x615.jpg\" class=\"attachment-large size-large wp-image-584\" alt=\"\" srcset=\"https:\/\/serpilasamhairclinic.com\/wp-content\/uploads\/2022\/02\/hair-transplant-sa-1-1024x615.jpg 1024w, https:\/\/serpilasamhairclinic.com\/wp-content\/uploads\/2022\/02\/hair-transplant-sa-1-300x180.jpg 300w, https:\/\/serpilasamhairclinic.com\/wp-content\/uploads\/2022\/02\/hair-transplant-sa-1-768x461.jpg 768w, https:\/\/serpilasamhairclinic.com\/wp-content\/uploads\/2022\/02\/hair-transplant-sa-1-1536x922.jpg 1536w, https:\/\/serpilasamhairclinic.com\/wp-content\/uploads\/2022\/02\/hair-transplant-sa-1.jpg 1800w\" sizes=\"(max-width: 800px) 100vw, 800px\" title=\"\">\t\t\t\t\t\t\t\t\t\t\t\t\t\t\t<\/div>\n\t\t\t\t<\/div>\n\t\t\t\t\t<\/div>\n\t\t<\/div>\n\t\t\t\t<div class=\"elementor-column elementor-col-50 elementor-top-column elementor-element elementor-element-5a7d9ee\" data-id=\"5a7d9ee\" data-element_type=\"column\" data-e-type=\"column\">\n\t\t\t<div class=\"elementor-widget-wrap elementor-element-populated\">\n\t\t\t\t\t\t<div class=\"elementor-element elementor-element-ea7f270 elementor-widget elementor-widget-image\" data-id=\"ea7f270\" data-element_type=\"widget\" data-e-type=\"widget\" data-widget_type=\"image.default\">\n\t\t\t\t<div class=\"elementor-widget-container\">\n\t\t\t\t\t\t\t\t\t\t\t\t\t\t\t<img decoding=\"async\" width=\"800\" height=\"480\" src=\"https:\/\/serpilasamhairclinic.com\/wp-content\/uploads\/2022\/02\/hair-transplant-sa-1024x615.jpg\" class=\"attachment-large size-large wp-image-578\" alt=\"\" srcset=\"https:\/\/serpilasamhairclinic.com\/wp-content\/uploads\/2022\/02\/hair-transplant-sa-1024x615.jpg 1024w, https:\/\/serpilasamhairclinic.com\/wp-content\/uploads\/2022\/02\/hair-transplant-sa-300x180.jpg 300w, https:\/\/serpilasamhairclinic.com\/wp-content\/uploads\/2022\/02\/hair-transplant-sa-768x461.jpg 768w, https:\/\/serpilasamhairclinic.com\/wp-content\/uploads\/2022\/02\/hair-transplant-sa-1536x922.jpg 1536w, https:\/\/serpilasamhairclinic.com\/wp-content\/uploads\/2022\/02\/hair-transplant-sa.jpg 1800w\" sizes=\"(max-width: 800px) 100vw, 800px\" title=\"\">\t\t\t\t\t\t\t\t\t\t\t\t\t\t\t<\/div>\n\t\t\t\t<\/div>\n\t\t\t\t\t<\/div>\n\t\t<\/div>\n\t\t\t\t\t<\/div>\n\t\t<\/section>\n\t\t\t\t<section class=\"elementor-section elementor-top-section elementor-element elementor-element-632af8c elementor-section-boxed elementor-section-height-default elementor-section-height-default\" data-id=\"632af8c\" data-element_type=\"section\" data-e-type=\"section\" id=\"estetik\" data-settings=\"{&quot;background_background&quot;:&quot;classic&quot;}\">\n\t\t\t\t\t\t<div class=\"elementor-container elementor-column-gap-default\">\n\t\t\t\t\t<div class=\"elementor-column elementor-col-100 elementor-top-column elementor-element elementor-element-45c92d73\" data-id=\"45c92d73\" data-element_type=\"column\" data-e-type=\"column\">\n\t\t\t<div class=\"elementor-widget-wrap elementor-element-populated\">\n\t\t\t\t\t\t<div class=\"elementor-element elementor-element-74b40ae elementor-widget elementor-widget-text-editor\" data-id=\"74b40ae\" data-element_type=\"widget\" data-e-type=\"widget\" data-widget_type=\"text-editor.default\">\n\t\t\t\t<div class=\"elementor-widget-container\">\n\t\t\t\t\t\t\t\t\t<h2><strong>Dormir despu\u00e9s del trasplante de cabello<\/strong><\/h2><p>El m\u00e9todo de trasplante de cabello proporciona una soluci\u00f3n permanente para las personas que experimentan p\u00e9rdida de cabello. Hay muchos signos de interrogaci\u00f3n en la mente de las personas para someterse a un trasplante de cabello. Una de ellas es la posici\u00f3n para dormir despu\u00e9s de la operaci\u00f3n de trasplante capilar. La primera etapa despu\u00e9s de la operaci\u00f3n de trasplante de cabello es el proceso de curaci\u00f3n y el per\u00edodo <strong>de 10 d\u00edas<\/strong> es importante en esta etapa. Durante este per\u00edodo, el \u00e1rea trasplantada debe protegerse cuidadosamente de cualquier golpe, impacto y presi\u00f3n. Obliga a las personas a prestar atenci\u00f3n, especialmente durante la etapa del sue\u00f1o cuando actuamos inconscientemente. Dado que esto es especialmente importante para que los fol\u00edculos pilosos se adhieran a los canales durante el per\u00edodo <strong>de 10 d\u00edas<\/strong> , debemos prestar atenci\u00f3n a nuestra posici\u00f3n <strong>mientras dormimos<\/strong> .<\/p><h2><strong>Posici\u00f3n para dormir la primera noche despu\u00e9s del trasplante de cabello<\/strong><\/h2><p>La primera noche despu\u00e9s del trasplante de cabello es muy importante en t\u00e9rminos de mantener las semillas del fol\u00edculo piloso sembrado. Por ello, debemos prestar atenci\u00f3n a nuestra posici\u00f3n para dormir la <strong>primera noche<\/strong> . La complicaci\u00f3n m\u00e1s com\u00fan despu\u00e9s de la operaci\u00f3n de trasplante capilar es el edema y la hinchaz\u00f3n. Si es posible, es necesario acostarse en un \u00e1ngulo de 45 grados, ya que acostarse completamente despu\u00e9s de la operaci\u00f3n de trasplante de cabello causar\u00e1 edema e hinchaz\u00f3n. Ponerse dos almohadas en la espalda la <strong>primera noche despu\u00e9s<\/strong> del trasplante de cabello lo ayudar\u00e1 a lograr un \u00e1ngulo de 45 grados.<\/p><h3><strong>1 semana de posici\u00f3n para dormir despu\u00e9s del trasplante de cabello<\/strong><\/h3><p>Despu\u00e9s del trasplante de cabello, si la operaci\u00f3n se aplic\u00f3 en el \u00e1rea de la cabeza, especialmente en la nuca del donante, es necesario no presionar el documento en t\u00e9rminos de salud. Es importante que preste atenci\u00f3n a esto para lograr el resultado deseado en las etapas futuras, de lo contrario, si el \u00e1rea de trasplante de cabello est\u00e1 da\u00f1ada, es posible que no se produzca el crecimiento de cabello esperado. Si el trasplante de cabello se realiz\u00f3 solo en el \u00e1rea frontal, despu\u00e9s de la primera semana, puede acostarse boca arriba. Sin embargo, se recomienda acostarse en un \u00e1ngulo de 45 grados durante este per\u00edodo, si es posible. Si el trasplante de cabello se hace en la zona de la coronilla, teniendo en cuenta todas las posibilidades, se puede lograr un \u00e1ngulo de 45 grados y se puede usar una almohada de viaje para dormir. Durante este per\u00edodo de 1 semana, debe acostarse en un \u00e1ngulo de 45 grados sin aplicar presi\u00f3n en el \u00e1rea del trasplante de cabello.<\/p><h2><strong>\u00bfAcostado de lado despu\u00e9s del trasplante de cabello?<\/strong><\/h2><p>No se recomienda acostarse de lado despu\u00e9s del trasplante de cabello, ya que causar\u00e1 hinchaz\u00f3n en la cabeza y la cara. Sin embargo, despu\u00e9s de que hayan pasado los primeros 10 d\u00edas, puede acostarse de lado con la aprobaci\u00f3n del m\u00e9dico. En el trasplante capilar, si la zona donante es la nuca, puedes acostarte de lado con una almohada elevada.<\/p><h3><strong>Uso de almohadas y camas m\u00e9dicas despu\u00e9s del trasplante de cabello<\/strong><\/h3><p>Despu\u00e9s de la operaci\u00f3n de trasplante de cabello, hay dificultades porque se altera el patr\u00f3n de sue\u00f1o y la forma de las personas. En este proceso se recomienda el uso de almohadas y colchones m\u00e9dicos. La raz\u00f3n de esto es el dolor en la regi\u00f3n de la cabeza, el cuello y la espalda debido al cambio de posici\u00f3n para dormir, y la almohada m\u00e9dica y el colch\u00f3n utilizados reducen estos dolores al m\u00ednimo.<\/p><h2><strong>\u00bfCu\u00e1les son las precauciones a tomar antes de dormir despu\u00e9s del trasplante de cabello?<\/strong><\/h2><ol><li>Se debe hacer un plan de sue\u00f1o correcto y basado en principios; porque aunque el trasplante de cabello no es un proceso doloroso con anestesia local, dado que el proceso de recuperaci\u00f3n lleva tiempo, su cuerpo puede perder resistencia y su proceso de curaci\u00f3n puede prolongarse si no puede dormir de manera eficiente.<\/li><li>Presta atenci\u00f3n a la higiene del lugar donde duermes; Despu\u00e9s de la operaci\u00f3n de trasplante capilar, los canales abiertos, aunque sean muy peque\u00f1os, tienen forma de heridas abiertas y es importante que esta zona no se infecte.<\/li><li>Se debe usar un pa\u00f1o o toalla limpia sobre las almohadas; Despu\u00e9s de la operaci\u00f3n de trasplante de cabello, puede haber sangrado o secreci\u00f3n de las heridas en las \u00e1reas trasplantadas. Para evitar esto, puede colocar una toalla o un pa\u00f1o sobre sus almohadas.<\/li><li>Se debe evitar el contacto de la zona del trasplante capilar con la almohada; La presi\u00f3n que se producir\u00e1 durante este contacto puede evitar que las semillas del fol\u00edculo piloso se adhieran al \u00e1rea del trasplante capilar.<\/li><\/ol><h2><strong>\u00bfCu\u00e1ndo se puede dormir normalmente despu\u00e9s del trasplante de cabello?<\/strong><\/h2><p>Poder dormir normalmente despu\u00e9s de la operaci\u00f3n de trasplante de cabello depende en gran medida de la funci\u00f3n de su cuerpo para curar las heridas, por lo que este tiempo puede diferir de una persona a otra. En este proceso, si tiene en cuenta las recomendaciones de su m\u00e9dico y realiza los cuidados necesarios, este per\u00edodo se acortar\u00e1.<\/p><p>Los primeros 10 d\u00edas despu\u00e9s de la operaci\u00f3n de trasplante capilar es el per\u00edodo m\u00e1s importante del proceso. Incluso si tiene dificultades en este proceso de 10 d\u00edas, lo mejor es escuchar los consejos de su m\u00e9dico y acostarse boca arriba con un \u00e1ngulo de 45 grados.<\/p><p>Si sigue completamente las recomendaciones del m\u00e9dico y se acuesta con el \u00e1ngulo de 45 grados recomendado en un per\u00edodo de 10 d\u00edas, si tiene el ritmo de recuperaci\u00f3n necesario bajo el control del especialista, puede cambiar a su posici\u00f3n habitual para dormir con la aprobaci\u00f3n de tu doctor. Si este per\u00edodo se acorta o se extiende est\u00e1 en sus manos.<\/p>\t\t\t\t\t\t\t\t<\/div>\n\t\t\t\t<\/div>\n\t\t\t\t\t<\/div>\n\t\t<\/div>\n\t\t\t\t\t<\/div>\n\t\t<\/section>\n\t\t\t\t<\/div>\n\t\t","protected":false},"excerpt":{"rendered":"<p>Trasplante de cabello mientras duerme Dormir despu\u00e9s del trasplante de cabello El m\u00e9todo de trasplante de cabello proporciona una soluci\u00f3n permanente para las personas que experimentan p\u00e9rdida de cabello. Hay muchos signos de interrogaci\u00f3n en la mente de las personas para someterse a un trasplante de cabello. Una de ellas es la posici\u00f3n para dormir [&hellip;]<\/p>\n","protected":false},"author":1,"featured_media":0,"parent":0,"menu_order":0,"comment_status":"closed","ping_status":"closed","template":"","meta":{"footnotes":""},"class_list":["post-1236","page","type-page","status-publish","hentry"],"_links":{"self":[{"href":"https:\/\/serpilasamhairclinic.com\/es\/wp-json\/wp\/v2\/pages\/1236","targetHints":{"allow":["GET"]}}],"collection":[{"href":"https:\/\/serpilasamhairclinic.com\/es\/wp-json\/wp\/v2\/pages"}],"about":[{"href":"https:\/\/serpilasamhairclinic.com\/es\/wp-json\/wp\/v2\/types\/page"}],"author":[{"embeddable":true,"href":"https:\/\/serpilasamhairclinic.com\/es\/wp-json\/wp\/v2\/users\/1"}],"replies":[{"embeddable":true,"href":"https:\/\/serpilasamhairclinic.com\/es\/wp-json\/wp\/v2\/comments?post=1236"}],"version-history":[{"count":0,"href":"https:\/\/serpilasamhairclinic.com\/es\/wp-json\/wp\/v2\/pages\/1236\/revisions"}],"wp:attachment":[{"href":"https:\/\/serpilasamhairclinic.com\/es\/wp-json\/wp\/v2\/media?parent=1236"}],"curies":[{"name":"wp","href":"https:\/\/api.w.org\/{rel}","templated":true}]}}