{"id":1218,"date":"2022-03-17T10:01:22","date_gmt":"2022-03-17T10:01:22","guid":{"rendered":"https:\/\/serpilasamhairclinic.com\/trasplante-capilar-fue\/"},"modified":"2022-03-17T10:21:08","modified_gmt":"2022-03-17T10:21:08","slug":"trasplante-capilar-fue","status":"publish","type":"page","link":"https:\/\/serpilasamhairclinic.com\/es\/trasplante-capilar-fue\/","title":{"rendered":"Trasplante Capilar FUE"},"content":{"rendered":"\t\t<div data-elementor-type=\"wp-page\" data-elementor-id=\"1218\" class=\"elementor elementor-1218 elementor-1130\" data-elementor-post-type=\"page\">\n\t\t\t\t\t\t<section class=\"elementor-section elementor-top-section elementor-element elementor-element-2c1131e elementor-section-boxed elementor-section-height-default elementor-section-height-default\" data-id=\"2c1131e\" data-element_type=\"section\" data-e-type=\"section\" data-settings=\"{&quot;background_background&quot;:&quot;classic&quot;}\">\n\t\t\t\t\t\t<div class=\"elementor-container elementor-column-gap-default\">\n\t\t\t\t\t<div class=\"elementor-column elementor-col-100 elementor-top-column elementor-element elementor-element-b7c6070\" data-id=\"b7c6070\" data-element_type=\"column\" data-e-type=\"column\">\n\t\t\t<div class=\"elementor-widget-wrap elementor-element-populated\">\n\t\t\t\t\t\t<div class=\"elementor-element elementor-element-6d48f61 elementor-widget elementor-widget-heading\" data-id=\"6d48f61\" data-element_type=\"widget\" data-e-type=\"widget\" data-widget_type=\"heading.default\">\n\t\t\t\t<div class=\"elementor-widget-container\">\n\t\t\t\t\t<h1 class=\"elementor-heading-title elementor-size-default\">Trasplante Capilar FUE<\/h1>\t\t\t\t<\/div>\n\t\t\t\t<\/div>\n\t\t\t\t\t<\/div>\n\t\t<\/div>\n\t\t\t\t\t<\/div>\n\t\t<\/section>\n\t\t\t\t<section class=\"elementor-section elementor-top-section elementor-element elementor-element-af4e8b8 elementor-section-boxed elementor-section-height-default elementor-section-height-default\" data-id=\"af4e8b8\" data-element_type=\"section\" data-e-type=\"section\">\n\t\t\t\t\t\t<div class=\"elementor-container elementor-column-gap-default\">\n\t\t\t\t\t<div class=\"elementor-column elementor-col-50 elementor-top-column elementor-element elementor-element-cc94c6d\" data-id=\"cc94c6d\" data-element_type=\"column\" data-e-type=\"column\">\n\t\t\t<div class=\"elementor-widget-wrap elementor-element-populated\">\n\t\t\t\t\t\t<div class=\"elementor-element elementor-element-7ff20f8 elementor-widget elementor-widget-image\" data-id=\"7ff20f8\" data-element_type=\"widget\" data-e-type=\"widget\" data-widget_type=\"image.default\">\n\t\t\t\t<div class=\"elementor-widget-container\">\n\t\t\t\t\t\t\t\t\t\t\t\t\t\t\t<img fetchpriority=\"high\" decoding=\"async\" width=\"800\" height=\"480\" src=\"https:\/\/serpilasamhairclinic.com\/wp-content\/uploads\/2022\/02\/hair-transplant-sa-1-1024x615.jpg\" class=\"attachment-large size-large wp-image-584\" alt=\"\" srcset=\"https:\/\/serpilasamhairclinic.com\/wp-content\/uploads\/2022\/02\/hair-transplant-sa-1-1024x615.jpg 1024w, https:\/\/serpilasamhairclinic.com\/wp-content\/uploads\/2022\/02\/hair-transplant-sa-1-300x180.jpg 300w, https:\/\/serpilasamhairclinic.com\/wp-content\/uploads\/2022\/02\/hair-transplant-sa-1-768x461.jpg 768w, https:\/\/serpilasamhairclinic.com\/wp-content\/uploads\/2022\/02\/hair-transplant-sa-1-1536x922.jpg 1536w, https:\/\/serpilasamhairclinic.com\/wp-content\/uploads\/2022\/02\/hair-transplant-sa-1.jpg 1800w\" sizes=\"(max-width: 800px) 100vw, 800px\" title=\"\">\t\t\t\t\t\t\t\t\t\t\t\t\t\t\t<\/div>\n\t\t\t\t<\/div>\n\t\t\t\t\t<\/div>\n\t\t<\/div>\n\t\t\t\t<div class=\"elementor-column elementor-col-50 elementor-top-column elementor-element elementor-element-5a7d9ee\" data-id=\"5a7d9ee\" data-element_type=\"column\" data-e-type=\"column\">\n\t\t\t<div class=\"elementor-widget-wrap elementor-element-populated\">\n\t\t\t\t\t\t<div class=\"elementor-element elementor-element-ea7f270 elementor-widget elementor-widget-image\" data-id=\"ea7f270\" data-element_type=\"widget\" data-e-type=\"widget\" data-widget_type=\"image.default\">\n\t\t\t\t<div class=\"elementor-widget-container\">\n\t\t\t\t\t\t\t\t\t\t\t\t\t\t\t<img decoding=\"async\" width=\"800\" height=\"480\" src=\"https:\/\/serpilasamhairclinic.com\/wp-content\/uploads\/2022\/02\/hair-transplant-sa-1024x615.jpg\" class=\"attachment-large size-large wp-image-578\" alt=\"\" srcset=\"https:\/\/serpilasamhairclinic.com\/wp-content\/uploads\/2022\/02\/hair-transplant-sa-1024x615.jpg 1024w, https:\/\/serpilasamhairclinic.com\/wp-content\/uploads\/2022\/02\/hair-transplant-sa-300x180.jpg 300w, https:\/\/serpilasamhairclinic.com\/wp-content\/uploads\/2022\/02\/hair-transplant-sa-768x461.jpg 768w, https:\/\/serpilasamhairclinic.com\/wp-content\/uploads\/2022\/02\/hair-transplant-sa-1536x922.jpg 1536w, https:\/\/serpilasamhairclinic.com\/wp-content\/uploads\/2022\/02\/hair-transplant-sa.jpg 1800w\" sizes=\"(max-width: 800px) 100vw, 800px\" title=\"\">\t\t\t\t\t\t\t\t\t\t\t\t\t\t\t<\/div>\n\t\t\t\t<\/div>\n\t\t\t\t\t<\/div>\n\t\t<\/div>\n\t\t\t\t\t<\/div>\n\t\t<\/section>\n\t\t\t\t<section class=\"elementor-section elementor-top-section elementor-element elementor-element-632af8c elementor-section-boxed elementor-section-height-default elementor-section-height-default\" data-id=\"632af8c\" data-element_type=\"section\" data-e-type=\"section\" id=\"estetik\" data-settings=\"{&quot;background_background&quot;:&quot;classic&quot;}\">\n\t\t\t\t\t\t<div class=\"elementor-container elementor-column-gap-default\">\n\t\t\t\t\t<div class=\"elementor-column elementor-col-100 elementor-top-column elementor-element elementor-element-45c92d73\" data-id=\"45c92d73\" data-element_type=\"column\" data-e-type=\"column\">\n\t\t\t<div class=\"elementor-widget-wrap elementor-element-populated\">\n\t\t\t\t\t\t<div class=\"elementor-element elementor-element-74b40ae elementor-widget elementor-widget-text-editor\" data-id=\"74b40ae\" data-element_type=\"widget\" data-e-type=\"widget\" data-widget_type=\"text-editor.default\">\n\t\t\t\t<div class=\"elementor-widget-container\">\n\t\t\t\t\t\t\t\t\t<h2><strong>Extracci\u00f3n de unidades foliculares (FUE)<\/strong><\/h2><p>El trasplante de cabello fue es un m\u00e9todo m\u00e1s com\u00fanmente utilizado para la soluci\u00f3n permanente de problemas de p\u00e9rdida de cabello y p\u00e9rdida de cabello (calvicie) en todo el mundo. Es un m\u00e9todo preferido tanto por mujeres como por hombres para lograr un cabello natural de manera c\u00f3moda y permanente sin dolor. La t\u00e9cnica de <strong>trasplante de cabello Fue<\/strong> se realiza recolectando semillas de fol\u00edculos pilosos sanos (injertos) del \u00e1rea pilosa de la cabeza y coloc\u00e1ndolos en el \u00e1rea calva donde hay adelgazamiento o ca\u00edda total.<\/p><p>Se ha aplicado de forma segura en todo el mundo desde 2004. La t\u00e9cnica de trasplante de cabello Fue se realiza con trasplante de cabello Sapphire <strong>Fue, trasplante de cabello<\/strong> Fue sin afeitar, trasplante de cabello Fue parcialmente afeitado y m\u00e9todos de trasplante de cabello sedado de acuerdo con la solicitud y las necesidades del paciente. Independientemente de la mujer o el hombre, nuestro cabello es nuestro accesorio m\u00e1s importante, por lo que la t\u00e9cnica de trasplante de cabello fue ofrece una soluci\u00f3n permanente y natural.<\/p><h2><strong>Antes del Trasplante Capilar Fue<\/strong><\/h2><p>Las personas que deciden someterse al <strong>m\u00e9todo de trasplante de cabello Fue<\/strong> primero realizan el primer examen con una persona experimentada y experta. En esta etapa, la estructura del cabello, los grados de escasez o calvicie, las proporciones de la cabeza y la cara son minuciosamente examinadas por el m\u00e9dico, quien no tiene una condici\u00f3n m\u00e9dica que impida la operaci\u00f3n. Posteriormente se determina la l\u00ednea de trasplante capilar realizando mediciones milim\u00e9tricas del \u00e1rea a trasplantar. Esta etapa es muy importante en cuanto a la apariencia visual que se producir\u00e1 despu\u00e9s del trasplante de cabello y debe ser tratada meticulosamente. Posteriormente, se realizan los ex\u00e1menes necesarios y se determina el momento adecuado para el trasplante de cabello fue.<\/p><h2><strong>\u00bfCu\u00e1les son las Etapas del Trasplante Capilar FUE?<\/strong><\/h2><ol><li><strong>Recolecci\u00f3n de semillas de ra\u00edz de cabello<\/strong><\/li><\/ol><p>Despu\u00e9s de la primera etapa de examen y preparaci\u00f3n, las \u00e1reas donde se aplicar\u00e1 el trasplante de cabello FUE se desinfectan y anestesian con anestesia local para garantizar una operaci\u00f3n sin dolor. Esta \u00e1rea suele ser el \u00e1rea de la nuca porque el cabello en el \u00e1rea de la nuca es m\u00e1s resistente a la ca\u00edda. Las semillas de fol\u00edculos pilosos sanos y adecuados del \u00e1rea donante determinada se comienzan a recolectar por medio de micromotores de punta muy fina. Es muy importante tomar estas semillas de fol\u00edculo piloso con mucho cuidado para que sean permanentes en la siguiente etapa de la operaci\u00f3n, por lo que las semillas de fol\u00edculo piloso recolectadas deben ser las m\u00e1s saludables. En esta etapa, cada fol\u00edculo piloso contiene en promedio 2,7 cabellos. Seg\u00fan la idoneidad de la zona donante, se pueden tomar una media de 2000-2500 semillas de fol\u00edculos capilares en una sola sesi\u00f3n. Las semillas sanas de la ra\u00edz del cabello recolectadas se guardan cuidadosamente en una soluci\u00f3n especial.<\/p><ol start=\"2\"><li><strong>Colocando las semillas de la ra\u00edz del cabello en los canales<\/strong><\/li><\/ol><p>Se deben abrir canales para colocar las semillas de fol\u00edculo piloso recolectadas para el trasplante de cabello FUE. En esta etapa, el m\u00e9dico especialista abre cuidadosamente el n\u00famero determinado de canales con hendiduras muy finas con punta de acero en forma de l\u00e1piz en el \u00e1rea donde se trasplantar\u00e1 el cabello. Las semillas de fol\u00edculos pilosos recolectadas en el trasplante de cabello FUE se colocan cuidadosamente en los canales abiertos, una por una. En esta etapa, se debe prestar atenci\u00f3n a las direcciones de salida de otros cabellos en el \u00e1rea donde se colocar\u00e1n las ra\u00edces. Los procedimientos de trasplante de cabello Fue se completan dentro de las 6 a 9 horas del mismo d\u00eda.<\/p><h2><strong>Despu\u00e9s del trasplante de cabello Fue<\/strong><\/h2><p>Despu\u00e9s del trasplante de cabello Fue, se produce una ligera hinchaz\u00f3n y enrojecimiento en la zona, pero estos desaparecer\u00e1n con el tiempo. Despu\u00e9s del trasplante de cabello FUE, aparecer\u00e1n costras en forma de aguja en una semana y, con el tiempo, se curar\u00e1n y se caer\u00e1n en forma de caspa. Durante el proceso de curaci\u00f3n, se pueden sentir dolores y molestias leves por un tiempo, esto es normal y mejora con el tiempo. Despu\u00e9s de la operaci\u00f3n, habr\u00e1 una cierta cantidad de muda. Despu\u00e9s del tercer mes, el cabello comenzar\u00e1 a crecer nuevamente. Despu\u00e9s del 6to mes, tendr\u00e1 una mejor apariencia visual. El resultado neto se ver\u00e1 a los 12 o 18 meses.<\/p><h2><strong>\u00bfCu\u00e1les son las ventajas del trasplante de cabello Fue?<\/strong><\/h2><p>Los beneficios del trasplante capilar Fue son muchos, si los enumeramos uno por uno;<\/p><ul><li>Como no hay sutura durante la operaci\u00f3n, no hay riesgo de cicatrizaci\u00f3n posterior.<\/li><li>No hay dolor durante el procedimiento y la fase de recuperaci\u00f3n es m\u00e1s corta que con otros m\u00e9todos.<\/li><li>Despu\u00e9s de la operaci\u00f3n, a partir del 6\u00ba mes, el cabello empieza a verse bien visualmente.<\/li><li>Se logra una soluci\u00f3n permanente dentro de los 12 a 18 meses posteriores a la operaci\u00f3n.<\/li><li>El trasplante de cabello Fue es una soluci\u00f3n permanente para la ca\u00edda y la calvicie, especialmente porque est\u00e1 hecho de semillas de fol\u00edculos pilosos sanos en el \u00e1rea de la nuca.<\/li><\/ul>\t\t\t\t\t\t\t\t<\/div>\n\t\t\t\t<\/div>\n\t\t\t\t\t<\/div>\n\t\t<\/div>\n\t\t\t\t\t<\/div>\n\t\t<\/section>\n\t\t\t\t<\/div>\n\t\t","protected":false},"excerpt":{"rendered":"<p>Trasplante Capilar FUE Extracci\u00f3n de unidades foliculares (FUE) El trasplante de cabello fue es un m\u00e9todo m\u00e1s com\u00fanmente utilizado para la soluci\u00f3n permanente de problemas de p\u00e9rdida de cabello y p\u00e9rdida de cabello (calvicie) en todo el mundo. Es un m\u00e9todo preferido tanto por mujeres como por hombres para lograr un cabello natural de manera [&hellip;]<\/p>\n","protected":false},"author":1,"featured_media":0,"parent":0,"menu_order":0,"comment_status":"closed","ping_status":"closed","template":"","meta":{"footnotes":""},"class_list":["post-1218","page","type-page","status-publish","hentry"],"_links":{"self":[{"href":"https:\/\/serpilasamhairclinic.com\/es\/wp-json\/wp\/v2\/pages\/1218","targetHints":{"allow":["GET"]}}],"collection":[{"href":"https:\/\/serpilasamhairclinic.com\/es\/wp-json\/wp\/v2\/pages"}],"about":[{"href":"https:\/\/serpilasamhairclinic.com\/es\/wp-json\/wp\/v2\/types\/page"}],"author":[{"embeddable":true,"href":"https:\/\/serpilasamhairclinic.com\/es\/wp-json\/wp\/v2\/users\/1"}],"replies":[{"embeddable":true,"href":"https:\/\/serpilasamhairclinic.com\/es\/wp-json\/wp\/v2\/comments?post=1218"}],"version-history":[{"count":0,"href":"https:\/\/serpilasamhairclinic.com\/es\/wp-json\/wp\/v2\/pages\/1218\/revisions"}],"wp:attachment":[{"href":"https:\/\/serpilasamhairclinic.com\/es\/wp-json\/wp\/v2\/media?parent=1218"}],"curies":[{"name":"wp","href":"https:\/\/api.w.org\/{rel}","templated":true}]}}