{"id":1202,"date":"2022-03-17T10:05:13","date_gmt":"2022-03-17T10:05:13","guid":{"rendered":"https:\/\/serpilasamhairclinic.com\/trasplante-de-cejas\/"},"modified":"2022-03-17T10:19:34","modified_gmt":"2022-03-17T10:19:34","slug":"trasplante-de-cejas","status":"publish","type":"page","link":"https:\/\/serpilasamhairclinic.com\/es\/trasplante-de-cejas\/","title":{"rendered":"Trasplante de cejas"},"content":{"rendered":"\t\t<div data-elementor-type=\"wp-page\" data-elementor-id=\"1202\" class=\"elementor elementor-1202 elementor-1140\" data-elementor-post-type=\"page\">\n\t\t\t\t\t\t<section class=\"elementor-section elementor-top-section elementor-element elementor-element-2c1131e elementor-section-boxed elementor-section-height-default elementor-section-height-default\" data-id=\"2c1131e\" data-element_type=\"section\" data-e-type=\"section\" data-settings=\"{&quot;background_background&quot;:&quot;classic&quot;}\">\n\t\t\t\t\t\t<div class=\"elementor-container elementor-column-gap-default\">\n\t\t\t\t\t<div class=\"elementor-column elementor-col-100 elementor-top-column elementor-element elementor-element-b7c6070\" data-id=\"b7c6070\" data-element_type=\"column\" data-e-type=\"column\">\n\t\t\t<div class=\"elementor-widget-wrap elementor-element-populated\">\n\t\t\t\t\t\t<div class=\"elementor-element elementor-element-6d48f61 elementor-widget elementor-widget-heading\" data-id=\"6d48f61\" data-element_type=\"widget\" data-e-type=\"widget\" data-widget_type=\"heading.default\">\n\t\t\t\t<div class=\"elementor-widget-container\">\n\t\t\t\t\t<h1 class=\"elementor-heading-title elementor-size-default\">Trasplante de cejas<\/h1>\t\t\t\t<\/div>\n\t\t\t\t<\/div>\n\t\t\t\t\t<\/div>\n\t\t<\/div>\n\t\t\t\t\t<\/div>\n\t\t<\/section>\n\t\t\t\t<section class=\"elementor-section elementor-top-section elementor-element elementor-element-af4e8b8 elementor-section-boxed elementor-section-height-default elementor-section-height-default\" data-id=\"af4e8b8\" data-element_type=\"section\" data-e-type=\"section\">\n\t\t\t\t\t\t<div class=\"elementor-container elementor-column-gap-default\">\n\t\t\t\t\t<div class=\"elementor-column elementor-col-50 elementor-top-column elementor-element elementor-element-cc94c6d\" data-id=\"cc94c6d\" data-element_type=\"column\" data-e-type=\"column\">\n\t\t\t<div class=\"elementor-widget-wrap\">\n\t\t\t\t\t\t\t<\/div>\n\t\t<\/div>\n\t\t\t\t<div class=\"elementor-column elementor-col-50 elementor-top-column elementor-element elementor-element-5a7d9ee\" data-id=\"5a7d9ee\" data-element_type=\"column\" data-e-type=\"column\">\n\t\t\t<div class=\"elementor-widget-wrap\">\n\t\t\t\t\t\t\t<\/div>\n\t\t<\/div>\n\t\t\t\t\t<\/div>\n\t\t<\/section>\n\t\t\t\t<section class=\"elementor-section elementor-top-section elementor-element elementor-element-632af8c elementor-section-boxed elementor-section-height-default elementor-section-height-default\" data-id=\"632af8c\" data-element_type=\"section\" data-e-type=\"section\" id=\"estetik\" data-settings=\"{&quot;background_background&quot;:&quot;classic&quot;}\">\n\t\t\t\t\t\t<div class=\"elementor-container elementor-column-gap-default\">\n\t\t\t\t\t<div class=\"elementor-column elementor-col-100 elementor-top-column elementor-element elementor-element-45c92d73\" data-id=\"45c92d73\" data-element_type=\"column\" data-e-type=\"column\">\n\t\t\t<div class=\"elementor-widget-wrap elementor-element-populated\">\n\t\t\t\t\t\t<div class=\"elementor-element elementor-element-74b40ae elementor-widget elementor-widget-text-editor\" data-id=\"74b40ae\" data-element_type=\"widget\" data-e-type=\"widget\" data-widget_type=\"text-editor.default\">\n\t\t\t\t<div class=\"elementor-widget-container\">\n\t\t\t\t\t\t\t\t\t<p>Las cejas juegan un papel importante en la expresi\u00f3n facial al rodear los ojos. La p\u00e9rdida de expresi\u00f3n puede ocurrir como resultado del adelgazamiento o desprendimiento de las cejas. Hay una soluci\u00f3n a estos desprendimientos y adelgazamiento, que hacen que las mujeres se sientan infelices en t\u00e9rminos de est\u00e9tica, con el trasplante de cejas. El n\u00famero de personas que se someten a una operaci\u00f3n de <strong>trasplante de cejas<\/strong> aumenta d\u00eda a d\u00eda. A excepci\u00f3n de la p\u00e9rdida de cejas, especialmente por razones de salud, aquellos que quieren tener una apariencia m\u00e1s completa, m\u00e1s clara y m\u00e1s natural est\u00e9ticamente tienen trasplante de cejas. Adem\u00e1s de las preocupaciones est\u00e9ticas, el trasplante de cejas es el m\u00e9todo m\u00e1s natural y permanente para las lesiones experimentadas en el \u00e1rea de las cejas, quemaduras y cicatrices permanentes.<\/p><h2><strong>\u00bfQu\u00e9 es el trasplante de cejas?<\/strong><\/h2><p>El trasplante de cejas es el proceso de colocar semillas de fol\u00edculos pilosos extra\u00eddas de los <strong>fol\u00edculos pilosos<\/strong> de adelgazamiento o p\u00e9rdida de cabello regional de las cejas de la persona en el \u00e1rea de las cejas en mujeres u hombres, con incisiones m\u00ednimas.<\/p><h2><strong>Antes del trasplante de cejas<\/strong><\/h2><p>Despu\u00e9s de decidir someterse a una operaci\u00f3n de trasplante de cejas, un m\u00e9dico especialista y experimentado debe realizar un proceso de examen cuidadoso. Este proceso es muy importante tanto para la persona que quiere hacerse el trasplante de cejas como para el especialista. Despu\u00e9s del examen y los an\u00e1lisis necesarios, los deseos de la persona que decide hacerse un <strong>trasplante de cejas<\/strong> y sus expectativas de la operaci\u00f3n deben ser escuchados por el especialista, y se debe tomar una decisi\u00f3n clara. En este proceso se toma la proporci\u00f3n \u00e1urea seg\u00fan el tipo de rostro de la persona a trasplantar, se realizan las medidas necesarias y se dibuja visualmente la forma final y una idea de c\u00f3mo quedar\u00e1 despu\u00e9s de la operaci\u00f3n.<\/p><h2><strong>\u00bfDespu\u00e9s de la operaci\u00f3n de trasplante de cejas?<\/strong><\/h2><ul><li>Dado que la operaci\u00f3n de cejas es un procedimiento mucho m\u00e1s corto que otros m\u00e9todos de trasplante, es un proceso relativamente f\u00e1cil despu\u00e9s. El procedimiento toma un promedio de 1 a 2 horas, aunque el proceso de recuperaci\u00f3n despu\u00e9s del procedimiento var\u00eda de persona a persona, toma un promedio de 7 d\u00edas. En este per\u00edodo de 7 d\u00edas, se forman costras en el \u00e1rea de la ceja trasplantada. Esta apariencia de costra se derrama gradualmente en este proceso, y la persona puede regresar f\u00e1cilmente a la vida social y comercial. Despu\u00e9s de la operaci\u00f3n, debe descansar durante el per\u00edodo determinado por su m\u00e9dico. Despu\u00e9s de la operaci\u00f3n de <strong>trasplante de cejas<\/strong> , debe aplicar la prescripci\u00f3n por completo y no debe aplicar ninguna presi\u00f3n en el \u00e1rea del trasplante de cejas.<\/li><li>En este proceso, cuando las cejas comiencen a crecer, peinar suavemente en la direcci\u00f3n de la ceja fijar\u00e1 la direcci\u00f3n de la ceja y visualmente ser\u00e1 buena. Adem\u00e1s, las cejas trasplantadas crecen m\u00e1s r\u00e1pido que otras cejas porque son semillas de ra\u00edz capilar, por lo que se deben acortar cada 15 d\u00edas o seg\u00fan la frecuencia de crecimiento.<\/li><li>Actividades como nadar en el mar y tomar el sol est\u00e1n estrictamente prohibidas durante los 15 d\u00edas posteriores a la operaci\u00f3n de trasplante de cejas.<\/li><li>Despu\u00e9s del trasplante de cejas, se deben esperar de 10 a 15 d\u00edas para ir a lugares como hammam y sauna.<\/li><li>En este proceso, no se debe aplicar en las cejas ninguna sustancia distinta a los medicamentos recomendados por su m\u00e9dico y tampoco se debe aplicar maquillaje en esa zona.<\/li><li>Puede haber ca\u00edda en las cejas por un tiempo despu\u00e9s de la operaci\u00f3n de trasplante de cejas, esto es normal, no se ponga nervioso.<\/li><li>Las cejas trasplantadas comenzar\u00e1n a crecer nuevamente despu\u00e9s de 3 meses. Al final de un proceso de 7-8 meses, puede ver el resultado neto. Sin embargo, este proceso puede demorar hasta 1 a\u00f1o. Pasado este tiempo, tendr\u00e1s unas cejas naturales y permanentes.<\/li><\/ul><h2><strong>\u00bfCu\u00e1les son las etapas del trasplante de cejas?<\/strong><\/h2><p>Despu\u00e9s de decidir sobre la operaci\u00f3n de trasplante de cejas, las etapas de <strong>trasplante de cejas<\/strong> de personas que no constituyan un obst\u00e1culo para la operaci\u00f3n;<\/p><ul><li>Un examen y an\u00e1lisis de si es apto para el trasplante de cejas.<\/li><li>Decidir la forma de la ceja y hacer las medidas necesarias y dibujar la forma final de la forma de la ceja tomando la proporci\u00f3n \u00e1urea.<\/li><li>El \u00e1rea donante y las cejas se anestesian con anestesia local.<\/li><li>De acuerdo con el \u00e1rea necesaria, se toma del \u00e1rea el n\u00famero de semillas de fol\u00edculos pilosos determinado de antemano.<\/li><li>Las semillas del fol\u00edculo piloso removidas se colocan en los cortes haciendo incisiones m\u00ednimas en las \u00e1reas determinadas en la ceja.<\/li><li>Dado que las cejas son una regi\u00f3n que se puede ver claramente en el \u00e1rea de la cara, en la siguiente etapa, los expertos deben realizar incisiones muy peque\u00f1as para que las personas que se someten a un trasplante de cejas no experimenten problemas est\u00e9ticos.<\/li><li>El proceso dura entre 1 o 2 horas dependiendo de las personas y el m\u00e9todo aplicado. El paciente no necesita permanecer en el hospital despu\u00e9s de la operaci\u00f3n. Es dado de alta el mismo d\u00eda.<\/li><\/ul>\t\t\t\t\t\t\t\t<\/div>\n\t\t\t\t<\/div>\n\t\t\t\t\t<\/div>\n\t\t<\/div>\n\t\t\t\t\t<\/div>\n\t\t<\/section>\n\t\t\t\t<\/div>\n\t\t","protected":false},"excerpt":{"rendered":"<p>Trasplante de cejas Las cejas juegan un papel importante en la expresi\u00f3n facial al rodear los ojos. La p\u00e9rdida de expresi\u00f3n puede ocurrir como resultado del adelgazamiento o desprendimiento de las cejas. Hay una soluci\u00f3n a estos desprendimientos y adelgazamiento, que hacen que las mujeres se sientan infelices en t\u00e9rminos de est\u00e9tica, con el trasplante [&hellip;]<\/p>\n","protected":false},"author":1,"featured_media":0,"parent":0,"menu_order":0,"comment_status":"closed","ping_status":"closed","template":"","meta":{"footnotes":""},"class_list":["post-1202","page","type-page","status-publish","hentry"],"_links":{"self":[{"href":"https:\/\/serpilasamhairclinic.com\/es\/wp-json\/wp\/v2\/pages\/1202","targetHints":{"allow":["GET"]}}],"collection":[{"href":"https:\/\/serpilasamhairclinic.com\/es\/wp-json\/wp\/v2\/pages"}],"about":[{"href":"https:\/\/serpilasamhairclinic.com\/es\/wp-json\/wp\/v2\/types\/page"}],"author":[{"embeddable":true,"href":"https:\/\/serpilasamhairclinic.com\/es\/wp-json\/wp\/v2\/users\/1"}],"replies":[{"embeddable":true,"href":"https:\/\/serpilasamhairclinic.com\/es\/wp-json\/wp\/v2\/comments?post=1202"}],"version-history":[{"count":0,"href":"https:\/\/serpilasamhairclinic.com\/es\/wp-json\/wp\/v2\/pages\/1202\/revisions"}],"wp:attachment":[{"href":"https:\/\/serpilasamhairclinic.com\/es\/wp-json\/wp\/v2\/media?parent=1202"}],"curies":[{"name":"wp","href":"https:\/\/api.w.org\/{rel}","templated":true}]}}