{"id":1186,"date":"2022-03-17T10:09:25","date_gmt":"2022-03-17T10:09:25","guid":{"rendered":"https:\/\/serpilasamhairclinic.com\/trasplante-de-barba-y-bigote\/"},"modified":"2022-03-17T10:18:02","modified_gmt":"2022-03-17T10:18:02","slug":"trasplante-de-barba-y-bigote","status":"publish","type":"page","link":"https:\/\/serpilasamhairclinic.com\/es\/trasplante-de-barba-y-bigote\/","title":{"rendered":"Trasplante de Barba y Bigote"},"content":{"rendered":"\t\t<div data-elementor-type=\"wp-page\" data-elementor-id=\"1186\" class=\"elementor elementor-1186 elementor-1150\" data-elementor-post-type=\"page\">\n\t\t\t\t\t\t<section class=\"elementor-section elementor-top-section elementor-element elementor-element-2c1131e elementor-section-boxed elementor-section-height-default elementor-section-height-default\" data-id=\"2c1131e\" data-element_type=\"section\" data-e-type=\"section\" data-settings=\"{&quot;background_background&quot;:&quot;classic&quot;}\">\n\t\t\t\t\t\t<div class=\"elementor-container elementor-column-gap-default\">\n\t\t\t\t\t<div class=\"elementor-column elementor-col-100 elementor-top-column elementor-element elementor-element-b7c6070\" data-id=\"b7c6070\" data-element_type=\"column\" data-e-type=\"column\">\n\t\t\t<div class=\"elementor-widget-wrap elementor-element-populated\">\n\t\t\t\t\t\t<div class=\"elementor-element elementor-element-6d48f61 elementor-widget elementor-widget-heading\" data-id=\"6d48f61\" data-element_type=\"widget\" data-e-type=\"widget\" data-widget_type=\"heading.default\">\n\t\t\t\t<div class=\"elementor-widget-container\">\n\t\t\t\t\t<h1 class=\"elementor-heading-title elementor-size-default\">Trasplante De Barba Y Bigote<\/h1>\t\t\t\t<\/div>\n\t\t\t\t<\/div>\n\t\t\t\t\t<\/div>\n\t\t<\/div>\n\t\t\t\t\t<\/div>\n\t\t<\/section>\n\t\t\t\t<section class=\"elementor-section elementor-top-section elementor-element elementor-element-af4e8b8 elementor-section-boxed elementor-section-height-default elementor-section-height-default\" data-id=\"af4e8b8\" data-element_type=\"section\" data-e-type=\"section\">\n\t\t\t\t\t\t<div class=\"elementor-container elementor-column-gap-default\">\n\t\t\t\t\t<div class=\"elementor-column elementor-col-50 elementor-top-column elementor-element elementor-element-cc94c6d\" data-id=\"cc94c6d\" data-element_type=\"column\" data-e-type=\"column\">\n\t\t\t<div class=\"elementor-widget-wrap elementor-element-populated\">\n\t\t\t\t\t\t<div class=\"elementor-element elementor-element-b02fa68 elementor-widget elementor-widget-image\" data-id=\"b02fa68\" data-element_type=\"widget\" data-e-type=\"widget\" data-widget_type=\"image.default\">\n\t\t\t\t<div class=\"elementor-widget-container\">\n\t\t\t\t\t\t\t\t\t\t\t\t\t\t\t<img fetchpriority=\"high\" decoding=\"async\" width=\"800\" height=\"534\" src=\"https:\/\/serpilasamhairclinic.com\/wp-content\/uploads\/2022\/02\/beard-transplant-1024x683.jpg\" class=\"attachment-large size-large wp-image-656\" alt=\"\" srcset=\"https:\/\/serpilasamhairclinic.com\/wp-content\/uploads\/2022\/02\/beard-transplant-1024x683.jpg 1024w, https:\/\/serpilasamhairclinic.com\/wp-content\/uploads\/2022\/02\/beard-transplant-300x200.jpg 300w, https:\/\/serpilasamhairclinic.com\/wp-content\/uploads\/2022\/02\/beard-transplant-768x512.jpg 768w, https:\/\/serpilasamhairclinic.com\/wp-content\/uploads\/2022\/02\/beard-transplant-1536x1024.jpg 1536w, https:\/\/serpilasamhairclinic.com\/wp-content\/uploads\/2022\/02\/beard-transplant-2048x1365.jpg 2048w\" sizes=\"(max-width: 800px) 100vw, 800px\" title=\"\">\t\t\t\t\t\t\t\t\t\t\t\t\t\t\t<\/div>\n\t\t\t\t<\/div>\n\t\t\t\t\t<\/div>\n\t\t<\/div>\n\t\t\t\t<div class=\"elementor-column elementor-col-50 elementor-top-column elementor-element elementor-element-5a7d9ee\" data-id=\"5a7d9ee\" data-element_type=\"column\" data-e-type=\"column\">\n\t\t\t<div class=\"elementor-widget-wrap\">\n\t\t\t\t\t\t\t<\/div>\n\t\t<\/div>\n\t\t\t\t\t<\/div>\n\t\t<\/section>\n\t\t\t\t<section class=\"elementor-section elementor-top-section elementor-element elementor-element-632af8c elementor-section-boxed elementor-section-height-default elementor-section-height-default\" data-id=\"632af8c\" data-element_type=\"section\" data-e-type=\"section\" id=\"estetik\" data-settings=\"{&quot;background_background&quot;:&quot;classic&quot;}\">\n\t\t\t\t\t\t<div class=\"elementor-container elementor-column-gap-default\">\n\t\t\t\t\t<div class=\"elementor-column elementor-col-100 elementor-top-column elementor-element elementor-element-45c92d73\" data-id=\"45c92d73\" data-element_type=\"column\" data-e-type=\"column\">\n\t\t\t<div class=\"elementor-widget-wrap elementor-element-populated\">\n\t\t\t\t\t\t<div class=\"elementor-element elementor-element-74b40ae elementor-widget elementor-widget-text-editor\" data-id=\"74b40ae\" data-element_type=\"widget\" data-e-type=\"widget\" data-widget_type=\"text-editor.default\">\n\t\t\t\t<div class=\"elementor-widget-container\">\n\t\t\t\t\t\t\t\t\t<p><strong>La barba y el bigote<\/strong> juegan un papel importante en la expresi\u00f3n facial de los hombres. Las barbas y los bigotes, que se consideran accesorios masculinos, se pueden adelgazar o perder por varios motivos. Es posible que no salga en absoluto debido a algunos factores gen\u00e9ticos. La p\u00e9rdida de expresi\u00f3n puede ocurrir como resultado del adelgazamiento o ca\u00edda de la barba y el bigote. Hay una soluci\u00f3n a esta p\u00e9rdida y adelgazamiento del cabello, que hace que los hombres est\u00e9n descontentos en t\u00e9rminos de est\u00e9tica, con el trasplante de barba y bigote. El n\u00famero de personas que se someten a operaciones de trasplante de barba y bigote aumenta d\u00eda a d\u00eda. Adem\u00e1s de la p\u00e9rdida de barba y bigote, sobre todo por motivos de salud, quienes desean un aspecto m\u00e1s completo y natural est\u00e9ticamente cuentan con el <strong>trasplante de barba y bigote<\/strong> . Adem\u00e1s de las preocupaciones est\u00e9ticas, el trasplante de cejas es el m\u00e9todo m\u00e1s natural y permanente para las lesiones experimentadas en el \u00e1rea de la barba o el bigote, quemaduras y cicatrices permanentes.<\/p><h2><strong>\u00bfQu\u00e9 es una barba y un bigote?<\/strong><\/h2><p>El trasplante de barba y bigote es el proceso de colocaci\u00f3n de adelgazamiento o muda regional en la cara y labio superior de los hombres, del fol\u00edculo piloso se extraen semillas de la propia persona, abriendo canales muy peque\u00f1os y coloc\u00e1ndolos en la zona de la <strong>barba o bigote<\/strong> a sembrar. .<\/p><h2><strong>\u00bfC\u00f3mo es el trasplante de barba y bigote?<\/strong><\/h2><p>Trasplante de barba o bigote, el cabello en la parte posterior de la cabeza que es resistente al desprendimiento se determina como el \u00e1rea donante. Otra regi\u00f3n es la regi\u00f3n de los p\u00f3mulos y el cuello, que se puede seleccionar como regi\u00f3n donante en estas regiones, y tienen una estructura de ra\u00edz adecuada para el trasplante de barba y bigote. En algunos m\u00e9todos, de acuerdo con la estructura del cabello y las ra\u00edces en la regi\u00f3n del pecho o la espalda de la persona, se selecciona como donante en esas regiones. Sin embargo, la estructura del cabello en estas \u00e1reas no es la preferida porque no es tan dura y duradera como el cabello en el \u00e1rea de la barba o el bigote. Se recolectan semillas de fol\u00edculos pilosos sanos en el \u00e1rea donante. En el siguiente proceso se abren canales muy peque\u00f1os para que no queden rastros que puedan quedar mal desde el punto de vista est\u00e9tico. El trasplante de barba y bigote se realiza colocando las semillas de los fol\u00edculos pilosos en estos canales abiertos.<\/p><h2><strong>\u00bfCu\u00e1les son las etapas del trasplante de barba y bigote?<\/strong><\/h2><p>Despu\u00e9s de decidir una operaci\u00f3n de trasplante de barba o bigote, las etapas de trasplante de barba o bigote de personas que no constituyan un obst\u00e1culo para la operaci\u00f3n;<\/p><ul><li>Un examen y an\u00e1lisis de si es apto para el trasplante de barba o bigote.<\/li><li>Se decide la forma de la barba o bigote y se toman las medidas necesarias y se dibuja visualmente la forma final.<\/li><li>La zona donante y la zona del bigote o barba a trasplantar se anestesian con anestesia local.<\/li><li>De acuerdo con el \u00e1rea necesaria, se toma del \u00e1rea el n\u00famero de semillas de fol\u00edculos pilosos determinado de antemano.<\/li><li>Las semillas del fol\u00edculo piloso eliminadas se colocan en los cortes abriendo canales m\u00ednimos en las \u00e1reas del bigote o la barba sin esperar.<\/li><li>Dado que la barba y el bigote es una regi\u00f3n que se ve claramente en la zona de la cara, debe hacerse creando canales muy peque\u00f1os por especialistas para que las personas trasplantadas no experimenten problemas est\u00e9ticos en el siguiente proceso.<\/li><li>El proceso dura entre 1 y 2 horas dependiendo de las personas, el m\u00e9todo aplicado y el tama\u00f1o del \u00e1rea. El paciente no necesita permanecer en el hospital despu\u00e9s de la operaci\u00f3n. Es dado de alta el mismo d\u00eda.<\/li><\/ul><h2><strong>Antes Del Trasplante De Barba Y Bigote<\/strong><\/h2><p>Despu\u00e9s de decidir someterse a una operaci\u00f3n de trasplante de barba y bigote, un m\u00e9dico especialista y experimentado debe realizar un proceso de examen cuidadoso. Despu\u00e9s del examen y an\u00e1lisis necesarios, los deseos de la persona que decide hacerse un trasplante de barba o bigote y sus expectativas de la operaci\u00f3n deben ser escuchados por el especialista, y se debe tomar una decisi\u00f3n clara. En este proceso se determinan las partes derramadas o adelgazadas de la zona del rostro de la persona a trasplantar y se dibuja la forma final y se crea una idea de c\u00f3mo quedar\u00e1 visualmente despu\u00e9s de la operaci\u00f3n. Si el \u00e1rea a sembrar es grande, la apariencia estimada se determina con dibujos y se intercambian ideas.<\/p><h2><strong>Ventajas de la operaci\u00f3n de trasplante de barba y bigote<\/strong><\/h2><p>Si ha seguido las instrucciones de su m\u00e9dico despu\u00e9s de la correcta operaci\u00f3n de trasplante de barba y bigote, tendr\u00e1 barba y bigote que no se pueden entender desde el exterior.<\/p><p>Te sentir\u00e1s m\u00e1s c\u00f3modo y feliz est\u00e9tica y psicol\u00f3gicamente. Tendr\u00e1s barbas y bigotes naturales y tupidos de forma permanente.<\/p>\t\t\t\t\t\t\t\t<\/div>\n\t\t\t\t<\/div>\n\t\t\t\t\t<\/div>\n\t\t<\/div>\n\t\t\t\t\t<\/div>\n\t\t<\/section>\n\t\t\t\t<\/div>\n\t\t","protected":false},"excerpt":{"rendered":"<p>Trasplante De Barba Y Bigote La barba y el bigote juegan un papel importante en la expresi\u00f3n facial de los hombres. Las barbas y los bigotes, que se consideran accesorios masculinos, se pueden adelgazar o perder por varios motivos. Es posible que no salga en absoluto debido a algunos factores gen\u00e9ticos. La p\u00e9rdida de expresi\u00f3n [&hellip;]<\/p>\n","protected":false},"author":1,"featured_media":0,"parent":0,"menu_order":0,"comment_status":"closed","ping_status":"closed","template":"","meta":{"footnotes":""},"class_list":["post-1186","page","type-page","status-publish","hentry"],"_links":{"self":[{"href":"https:\/\/serpilasamhairclinic.com\/es\/wp-json\/wp\/v2\/pages\/1186","targetHints":{"allow":["GET"]}}],"collection":[{"href":"https:\/\/serpilasamhairclinic.com\/es\/wp-json\/wp\/v2\/pages"}],"about":[{"href":"https:\/\/serpilasamhairclinic.com\/es\/wp-json\/wp\/v2\/types\/page"}],"author":[{"embeddable":true,"href":"https:\/\/serpilasamhairclinic.com\/es\/wp-json\/wp\/v2\/users\/1"}],"replies":[{"embeddable":true,"href":"https:\/\/serpilasamhairclinic.com\/es\/wp-json\/wp\/v2\/comments?post=1186"}],"version-history":[{"count":0,"href":"https:\/\/serpilasamhairclinic.com\/es\/wp-json\/wp\/v2\/pages\/1186\/revisions"}],"wp:attachment":[{"href":"https:\/\/serpilasamhairclinic.com\/es\/wp-json\/wp\/v2\/media?parent=1186"}],"curies":[{"name":"wp","href":"https:\/\/api.w.org\/{rel}","templated":true}]}}