{"id":1126,"date":"2022-03-11T06:31:58","date_gmt":"2022-03-11T06:31:58","guid":{"rendered":"https:\/\/serpilasamhairclinic.com\/trasplante-capilar-dhi\/"},"modified":"2022-03-11T06:39:23","modified_gmt":"2022-03-11T06:39:23","slug":"trasplante-capilar-dhi","status":"publish","type":"page","link":"https:\/\/serpilasamhairclinic.com\/es\/trasplante-capilar-dhi\/","title":{"rendered":"Trasplante Capilar DHI"},"content":{"rendered":"\t\t<div data-elementor-type=\"wp-page\" data-elementor-id=\"1126\" class=\"elementor elementor-1126 elementor-1103\" data-elementor-post-type=\"page\">\n\t\t\t\t\t\t<section class=\"elementor-section elementor-top-section elementor-element elementor-element-2c1131e elementor-section-boxed elementor-section-height-default elementor-section-height-default\" data-id=\"2c1131e\" data-element_type=\"section\" data-e-type=\"section\" data-settings=\"{&quot;background_background&quot;:&quot;classic&quot;}\">\n\t\t\t\t\t\t<div class=\"elementor-container elementor-column-gap-default\">\n\t\t\t\t\t<div class=\"elementor-column elementor-col-100 elementor-top-column elementor-element elementor-element-b7c6070\" data-id=\"b7c6070\" data-element_type=\"column\" data-e-type=\"column\">\n\t\t\t<div class=\"elementor-widget-wrap elementor-element-populated\">\n\t\t\t\t\t\t<div class=\"elementor-element elementor-element-6d48f61 elementor-widget elementor-widget-heading\" data-id=\"6d48f61\" data-element_type=\"widget\" data-e-type=\"widget\" data-widget_type=\"heading.default\">\n\t\t\t\t<div class=\"elementor-widget-container\">\n\t\t\t\t\t<h1 class=\"elementor-heading-title elementor-size-default\">Trasplante Capilar DHI<\/h1>\t\t\t\t<\/div>\n\t\t\t\t<\/div>\n\t\t\t\t\t<\/div>\n\t\t<\/div>\n\t\t\t\t\t<\/div>\n\t\t<\/section>\n\t\t\t\t<section class=\"elementor-section elementor-top-section elementor-element elementor-element-af4e8b8 elementor-section-boxed elementor-section-height-default elementor-section-height-default\" data-id=\"af4e8b8\" data-element_type=\"section\" data-e-type=\"section\">\n\t\t\t\t\t\t<div class=\"elementor-container elementor-column-gap-default\">\n\t\t\t\t\t<div class=\"elementor-column elementor-col-50 elementor-top-column elementor-element elementor-element-cc94c6d\" data-id=\"cc94c6d\" data-element_type=\"column\" data-e-type=\"column\">\n\t\t\t<div class=\"elementor-widget-wrap elementor-element-populated\">\n\t\t\t\t\t\t<div class=\"elementor-element elementor-element-7ff20f8 elementor-widget elementor-widget-image\" data-id=\"7ff20f8\" data-element_type=\"widget\" data-e-type=\"widget\" data-widget_type=\"image.default\">\n\t\t\t\t<div class=\"elementor-widget-container\">\n\t\t\t\t\t\t\t\t\t\t\t\t\t\t\t<img fetchpriority=\"high\" decoding=\"async\" width=\"800\" height=\"480\" src=\"https:\/\/serpilasamhairclinic.com\/wp-content\/uploads\/2022\/02\/hair-transplant-sa-1-1024x615.jpg\" class=\"attachment-large size-large wp-image-584\" alt=\"\" srcset=\"https:\/\/serpilasamhairclinic.com\/wp-content\/uploads\/2022\/02\/hair-transplant-sa-1-1024x615.jpg 1024w, https:\/\/serpilasamhairclinic.com\/wp-content\/uploads\/2022\/02\/hair-transplant-sa-1-300x180.jpg 300w, https:\/\/serpilasamhairclinic.com\/wp-content\/uploads\/2022\/02\/hair-transplant-sa-1-768x461.jpg 768w, https:\/\/serpilasamhairclinic.com\/wp-content\/uploads\/2022\/02\/hair-transplant-sa-1-1536x922.jpg 1536w, https:\/\/serpilasamhairclinic.com\/wp-content\/uploads\/2022\/02\/hair-transplant-sa-1.jpg 1800w\" sizes=\"(max-width: 800px) 100vw, 800px\" title=\"\">\t\t\t\t\t\t\t\t\t\t\t\t\t\t\t<\/div>\n\t\t\t\t<\/div>\n\t\t\t\t\t<\/div>\n\t\t<\/div>\n\t\t\t\t<div class=\"elementor-column elementor-col-50 elementor-top-column elementor-element elementor-element-5a7d9ee\" data-id=\"5a7d9ee\" data-element_type=\"column\" data-e-type=\"column\">\n\t\t\t<div class=\"elementor-widget-wrap elementor-element-populated\">\n\t\t\t\t\t\t<div class=\"elementor-element elementor-element-ea7f270 elementor-widget elementor-widget-image\" data-id=\"ea7f270\" data-element_type=\"widget\" data-e-type=\"widget\" data-widget_type=\"image.default\">\n\t\t\t\t<div class=\"elementor-widget-container\">\n\t\t\t\t\t\t\t\t\t\t\t\t\t\t\t<img decoding=\"async\" width=\"800\" height=\"480\" src=\"https:\/\/serpilasamhairclinic.com\/wp-content\/uploads\/2022\/02\/hair-transplant-sa-1024x615.jpg\" class=\"attachment-large size-large wp-image-578\" alt=\"\" srcset=\"https:\/\/serpilasamhairclinic.com\/wp-content\/uploads\/2022\/02\/hair-transplant-sa-1024x615.jpg 1024w, https:\/\/serpilasamhairclinic.com\/wp-content\/uploads\/2022\/02\/hair-transplant-sa-300x180.jpg 300w, https:\/\/serpilasamhairclinic.com\/wp-content\/uploads\/2022\/02\/hair-transplant-sa-768x461.jpg 768w, https:\/\/serpilasamhairclinic.com\/wp-content\/uploads\/2022\/02\/hair-transplant-sa-1536x922.jpg 1536w, https:\/\/serpilasamhairclinic.com\/wp-content\/uploads\/2022\/02\/hair-transplant-sa.jpg 1800w\" sizes=\"(max-width: 800px) 100vw, 800px\" title=\"\">\t\t\t\t\t\t\t\t\t\t\t\t\t\t\t<\/div>\n\t\t\t\t<\/div>\n\t\t\t\t\t<\/div>\n\t\t<\/div>\n\t\t\t\t\t<\/div>\n\t\t<\/section>\n\t\t\t\t<section class=\"elementor-section elementor-top-section elementor-element elementor-element-632af8c elementor-section-boxed elementor-section-height-default elementor-section-height-default\" data-id=\"632af8c\" data-element_type=\"section\" data-e-type=\"section\" id=\"estetik\" data-settings=\"{&quot;background_background&quot;:&quot;classic&quot;}\">\n\t\t\t\t\t\t<div class=\"elementor-container elementor-column-gap-default\">\n\t\t\t\t\t<div class=\"elementor-column elementor-col-100 elementor-top-column elementor-element elementor-element-45c92d73\" data-id=\"45c92d73\" data-element_type=\"column\" data-e-type=\"column\">\n\t\t\t<div class=\"elementor-widget-wrap elementor-element-populated\">\n\t\t\t\t\t\t<div class=\"elementor-element elementor-element-74b40ae elementor-widget elementor-widget-text-editor\" data-id=\"74b40ae\" data-element_type=\"widget\" data-e-type=\"widget\" data-widget_type=\"text-editor.default\">\n\t\t\t\t<div class=\"elementor-widget-container\">\n\t\t\t\t\t\t\t\t\t<h2><strong>Trasplante Capilar Dhi (Implantaci\u00f3n Capilar Directa)<\/strong><\/h2><p><strong>La ca\u00edda del cabello se produce<\/strong> por motivos como el estr\u00e9s, factores gen\u00e9ticos, baja calidad de vida y una alimentaci\u00f3n inadecuada desde el pasado hasta la actualidad. Aunque el juicio general parece ser un problema m\u00e9dico y est\u00e9tico que experimentan los hombres, la ca\u00edda del cabello es un problema com\u00fan que experimentan las mujeres. Hoy en d\u00eda, gracias a los avances m\u00e9dicos y tecnol\u00f3gicos, la ca\u00edda del cabello se ha solucionado por diferentes m\u00e9todos.<\/p><p>Uno de ellos es <strong>el trasplante capilar DHI,<\/strong> \u201cDirect Hair Implant\u201d.<\/p><h2><strong>\u00bfQu\u00e9 es el trasplante capilar Dhi?<\/strong><\/h2><p><strong>El trasplante de cabello DHI<\/strong> se llama implantes directos de cabello. Se prefiere porque es m\u00e1s c\u00f3modo que otros m\u00e9todos de trasplante de cabello.<\/p><h2><strong>\u00bfQu\u00e9 es la pluma m\u00e9dica Cho\u0131?<\/strong><\/h2><p><strong>Choi medical pen<\/strong> es un dispositivo m\u00e9dico muy delgado y puntiagudo que, gracias a su estructura especial, los fol\u00edculos pilosos se colocan en choi medical pen y luego se trasplantan presionando el \u00e1rea especial detr\u00e1s de \u00e9l de la misma manera, sin hacer ninguna incisi\u00f3n.<\/p><h2><strong>\u00bfPreparativos antes del trasplante de cabello Dhi?<\/strong><\/h2><ul><li>Es necesario tomar un descanso de los anticoagulantes antes de las operaciones de trasplante de cabello.<\/li><li>El alcohol y el tabaquismo deben suspenderse unos d\u00edas antes de la operaci\u00f3n.<\/li><li>La cl\u00ednica debe estar informada sobre alergias, enfermedades cr\u00f3nicas y medicamentos que se usan continuamente.<\/li><li>Antes del trasplante de cabello, las mujeres deben evitar procedimientos como el tinte para el cabello y la henna.<\/li><li>Si hay eczema o enfermedades similares en el cuero cabelludo, el especialista debe ser tratado por un dermat\u00f3logo.<\/li><\/ul><h2><strong>\u00bfCu\u00e1les son las etapas del trasplante capilar Dhi?<\/strong><\/h2><ul><li>Se determina la regi\u00f3n a sembrar y el perito realiza el dibujo necesario.<\/li><li>Despu\u00e9s de determinar el \u00e1rea donante, se aplica anestesia local para relajar los fol\u00edculos pilosos en el \u00e1rea.<\/li><li>Las semillas de los fol\u00edculos pilosos sanos se toman del \u00e1rea donde se aplica la anestesia local, desde el \u00e1ngulo correcto.<\/li><li>Despu\u00e9s de insertar semillas sanas en un bol\u00edgrafo choi especial, las semillas sanas de la ra\u00edz del cabello tomadas se colocan en el \u00e1rea calva<\/li><li>El trasplante de cabello DHI debe ser realizado por personas profesionales que sean expertas en este procedimiento.<\/li><li>Despu\u00e9s del final del proceso de siembra, se realiza un examen de control despu\u00e9s del primer d\u00eda despu\u00e9s del procedimiento, como en otros m\u00e9todos. El lavado se realiza el segundo d\u00eda.<\/li><\/ul><h2><strong>Recomendaciones despu\u00e9s del trasplante de cabello Dhi<\/strong><\/h2><p>El alcohol y los cigarrillos no deben usarse durante el per\u00edodo determinado por el crecimiento del cabello despu\u00e9s <strong>del trasplante de cabello.<\/strong><\/p><ul><li>Bajo ninguna circunstancia se debe aplicar presi\u00f3n sobre el \u00e1rea trasplantada.<\/li><li>Se debe tener cuidado al acostarse, y no se deben usar accesorios como gorros y bufandas, excepto por recomendaci\u00f3n del m\u00e9dico.<\/li><li>Los medicamentos recetados deben usarse en su totalidad.<\/li><li>No debe usar el secador de pelo hasta que su m\u00e9dico lo apruebe.<\/li><li>Hasta que su m\u00e9dico lo apruebe, no debe hacer ejercicios pesados ni actividades deportivas extenuantes, debe comer frutas y verduras y consumir mucha agua.<\/li><\/ul><h2><strong>\u00bfCu\u00e1nto dura el tiempo de curaci\u00f3n del trasplante de cabello Dhi?<\/strong><\/h2><p>El tiempo de recuperaci\u00f3n <strong>del trasplante de cabello DHI<\/strong> es mucho m\u00e1s corto que otros m\u00e9todos. En el m\u00e9todo de trasplante de cabello dh\u0131, el paciente es dado de alta el mismo d\u00eda. Al d\u00eda siguiente de la operaci\u00f3n, el paciente podr\u00e1 volver a trabajar.<\/p><p>Despu\u00e9s de la operaci\u00f3n, las semillas crecer\u00e1n en 10 d\u00edas, despu\u00e9s de eso, en 2 meses, algunas de las semillas comenzar\u00e1n a caer, pero es normal en esa etapa, despu\u00e9s del tercer mes, las semillas comenzar\u00e1n a crecer.<\/p><p>Despu\u00e9s del trasplante de cabello dh\u0131, el tiempo requerido para completar las etapas del trasplante de cabello var\u00eda de aproximadamente 12 meses, y al final de este proceso, tiene la oportunidad de ver claramente el estado final de su cabello.<\/p><h2><strong>\u00bfCu\u00e1les son las ventajas del trasplante capilar Dhi?<\/strong><\/h2><ul><li>Quien no quiere afeitarse el cabello, especialmente las mujeres, se prefiere este m\u00e9todo.<\/li><li>Gracias a la <strong>pluma m\u00e9dica cho\u0131<\/strong> especial, el tiempo de cicatrizaci\u00f3n es m\u00e1s corto ya que las incisiones y los canales no se abren como con otros m\u00e9todos.<\/li><li>Dado que los canales de incisi\u00f3n y plantaci\u00f3n no se abren y la zona a tratar est\u00e1 m\u00e1s sana, se pueden aplicar plantaciones m\u00e1s frecuentes, lo que proporciona una apariencia m\u00e1s intensa y est\u00e9tica en la siguiente etapa.<\/li><li>Dado que no hay rasurado ni cortes en el m\u00e9todo de trasplante de cabello dh\u0131, aquellos que se han trasplantado tienen un proceso de recuperaci\u00f3n m\u00e1s r\u00e1pido y c\u00f3modo.<\/li><li>Es un m\u00e9todo alternativo de no afeitarse, especialmente para las mujeres que no quieren raparse la cabeza.<\/li><\/ul><h2><strong>\u00bfQui\u00e9nes son las personas que no pueden someterse a un trasplante capilar Dhi?<\/strong><\/h2><p>Las personas que no pueden someterse a un trasplante de cabello dh\u0131 son aquellas que tienen ciertas enfermedades. <strong>El trasplante de cabello<\/strong> no se aplica a pacientes con estas enfermedades, hepatitis c, sida, liquen, pseudopelada.<\/p><p>Otras personas a las que no se les puede realizar el trasplante de cabello dh\u0131 son los pacientes cr\u00f3nicos que no han llegado a una determinada etapa, y los pacientes con presi\u00f3n arterial y diabetes que no cuentan con el voto del m\u00e9dico.<\/p><p>Dado que el trasplante de cabello es un procedimiento realizado con sus propias semillas de fol\u00edculos pilosos, <strong>el trasplante<\/strong> de cabello no se puede realizar en personas que no tienen suficientes semillas de fol\u00edculos pilosos saludables.<\/p><p>El m\u00e9todo de <strong>trasplante de cabello DHI<\/strong> no se recomienda para personas que se han sometido a m\u00e1s de 3 operaciones de trasplante de cabello antes y no han logrado resultados.<\/p><p>Finalmente, las personas menores de 18 a\u00f1os no pueden someterse legalmente a un <strong>trasplante de cabello<\/strong> .<\/p>\t\t\t\t\t\t\t\t<\/div>\n\t\t\t\t<\/div>\n\t\t\t\t\t<\/div>\n\t\t<\/div>\n\t\t\t\t\t<\/div>\n\t\t<\/section>\n\t\t\t\t<\/div>\n\t\t","protected":false},"excerpt":{"rendered":"<p>Trasplante Capilar DHI Trasplante Capilar Dhi (Implantaci\u00f3n Capilar Directa) La ca\u00edda del cabello se produce por motivos como el estr\u00e9s, factores gen\u00e9ticos, baja calidad de vida y una alimentaci\u00f3n inadecuada desde el pasado hasta la actualidad. Aunque el juicio general parece ser un problema m\u00e9dico y est\u00e9tico que experimentan los hombres, la ca\u00edda del cabello [&hellip;]<\/p>\n","protected":false},"author":1,"featured_media":0,"parent":0,"menu_order":0,"comment_status":"closed","ping_status":"closed","template":"","meta":{"footnotes":""},"class_list":["post-1126","page","type-page","status-publish","hentry"],"_links":{"self":[{"href":"https:\/\/serpilasamhairclinic.com\/es\/wp-json\/wp\/v2\/pages\/1126","targetHints":{"allow":["GET"]}}],"collection":[{"href":"https:\/\/serpilasamhairclinic.com\/es\/wp-json\/wp\/v2\/pages"}],"about":[{"href":"https:\/\/serpilasamhairclinic.com\/es\/wp-json\/wp\/v2\/types\/page"}],"author":[{"embeddable":true,"href":"https:\/\/serpilasamhairclinic.com\/es\/wp-json\/wp\/v2\/users\/1"}],"replies":[{"embeddable":true,"href":"https:\/\/serpilasamhairclinic.com\/es\/wp-json\/wp\/v2\/comments?post=1126"}],"version-history":[{"count":0,"href":"https:\/\/serpilasamhairclinic.com\/es\/wp-json\/wp\/v2\/pages\/1126\/revisions"}],"wp:attachment":[{"href":"https:\/\/serpilasamhairclinic.com\/es\/wp-json\/wp\/v2\/media?parent=1126"}],"curies":[{"name":"wp","href":"https:\/\/api.w.org\/{rel}","templated":true}]}}